{"id":1234,"date":"2026-03-20T16:29:55","date_gmt":"2026-03-20T15:29:55","guid":{"rendered":"https:\/\/zollquartier.com\/boundless-past\/"},"modified":"2026-04-02T17:30:14","modified_gmt":"2026-04-02T15:30:14","slug":"boundless-past","status":"publish","type":"page","link":"https:\/\/zollquartier.com\/en\/boundless-past\/","title":{"rendered":"Boundless PAST"},"content":{"rendered":"\n<h2 class=\"wp-block-heading\">Test<\/h2>\n\n<p class=\"wp-block-paragraph\">Lorem ipsum dolorfhfhnsectetur adipiscing elit. Ut elit tellus, luctus nec ullamcorper mattis, pulvinar dapibus leo. <\/p>\n","protected":false},"excerpt":{"rendered":"<p>History of the House<\/p>\n","protected":false},"author":272525646,"featured_media":1506,"parent":0,"menu_order":0,"comment_status":"closed","ping_status":"closed","template":"geschichte","meta":{"_acf_changed":false,"_crdt_document":"{\"document\":\"AAAG1YG40RseGAgerAg0AQQQAgECCgJCSgAaAQIKAkJKdAAxKAMnAAQAJwAEACcABAAoBCcAKAYnAAcAKAMnAQQAKAAnAIcAKAMnAQQAKAAnACgBqOoHqwdzdGF0ZXZlcnNpb25kb2N1bWVudGRhdGVkb2N1bWVudHNsdWdkb2N1bWVudHN0YXR1c2RvY3VtZW50dGl0bGVCb3VuZGxlc3MgUEFTVGRvY3VtZW50Y29udGVudDwhLS0gd3A6aGVhZGluZyAtLT4KPGgyIGNsYXNzPSJ3cC1ibG9jay1oZWFkaW5nIj5UZXN0PC9oMj4KPCEtLSAvd3A6aGVhZGluZyAtLT48IS0tIHdwOnBhcmFncmFwaCB7InRyYW5zbGF0ZWRXaXRoV1BNTFRNIjoiMSJ9IC0tPgo8cD5Mb3JlbSBpcHN1bSBkb2xvcmZoZmhuc2VjdGV0dXIgYWRpcGlzY2luZyBlbGl0LiBVdCBlbGl0IHRlbGx1cywgbHVjdHVzIG5lYyB1bGxhbWNvcnBlciBtYXR0aXMsIHB1bHZpbmFyIGRhcGlidXMgbGVvLiA8L3A+CjwhLS0gL3dwOnBhcmFncmFwaCAtLT5kb2N1bWVudGV4Y2VycHRIaXN0b3J5IG9mIHRoZSBIb3VzZWRvY3VtZW50YXV0aG9yZG9jdW1lbnRmZWF0dXJlZF9tZWRpYWRvY3VtZW50Y29tbWVudF9zdGF0dXNkb2N1bWVudHBpbmdfc3RhdHVzZG9jdW1lbnR0ZW1wbGF0ZWRvY3VtZW50bWV0YV9hY2ZfY2hhbmdlZGpldHBhY2tfcG9zdF93YXNfZXZlcl9wdWJsaXNoZWRmb290bm90ZXNfZWxlbWVudG9yX2VkaXRfbW9kZV9lbGVtZW50b3JfdGVtcGxhdGVfdHlwZV9lbGVtZW50b3JfZGF0YV9lbGVtZW50b3JfcGFnZV9zZXR0aW5nc2RvY3VtZW50YmxvY2tzY2xpZW50SWRpc1ZhbGlkb3JpZ2luYWxDb250ZW50bmFtZWF0dHJpYnV0ZXNjb250ZW50VGVzdGxldmVsaW5uZXJCbG9ja3NjbGllbnRJZGlzVmFsaWRvcmlnaW5hbENvbnRlbnRuYW1lYXR0cmlidXRlc2NvbnRlbnRMb3JlbSBpcHN1bSBkb2xvcmZoZmhuc2VjdGV0dXIgYWRpcGlzY2luZyBlbGl0LiBVdCBlbGl0IHRlbGx1cywgbHVjdHVzIG5lYyB1bGxhbWNvcnBlciBtYXR0aXMsIHB1bHZpbmFyIGRhcGlidXMgbGVvLiBkcm9wQ2FwaW5uZXJCbG9ja3NzdGF0ZXNhdmVkQXRzdGF0ZXNhdmVkQnkFBwgECAQIBggFDggHlQQIBxQIBggOCA4IC0gBBAwfCRQYDxgIBggHDwQKBwQFCwgHDwQKB7UBBwsFBwUHFQEEAAABAAAAAQAAAAEFAAYBAAASAQxCAQEAQQACAEEAAgACQRsBLwB9AXcTMjAyNi0wMy0yMFQxNjoyOTo1NXcOYm91bmRsZXNzLXBhc3R3B3B1Ymxpc2h9jqXzgwJ9shB3BmNsb3NlZHcGY2xvc2VkdwpnZXNjaGljaHRleXl3AHcAdwd3cC1wYWdld6IFW3siaWQiOiJiNWUwYTY0IiwiZWxUeXBlIjoiY29udGFpbmVyIiwic2V0dGluZ3MiOnsiZmxleF9kaXJlY3Rpb24iOiJyb3ciLCJmbGV4X2dhcCI6eyJ1bml0IjoicHgiLCJzaXplIjowLCJjb2x1bW4iOiIwIiwicm93IjoiMCJ9fSwiZWxlbWVudHMiOlt7ImlkIjoiYTFjYjY2OSIsImVsVHlwZSI6ImNvbnRhaW5lciIsInNldHRpbmdzIjp7ImZsZXhfZGlyZWN0aW9uIjoiY29sdW1uIiwiY29udGVudF93aWR0aCI6ImZ1bGwiLCJ3aWR0aCI6eyJ1bml0IjoiJSIsInNpemUiOiI1MCJ9fSwiZWxlbWVudHMiOlt7ImlkIjoiZGJlODY4MSIsImVsVHlwZSI6IndpZGdldCIsInNldHRpbmdzIjp7InRpdGxlIjoiVGVzdCJ9LCJlbGVtZW50cyI6W10sIndpZGdldFR5cGUiOiJoZWFkaW5nIn1dLCJpc0lubmVyIjp0cnVlfSx7ImlkIjoiMWE0YTY3OSIsImVsVHlwZSI6IndpZGdldCIsInNldHRpbmdzIjpbXSwiZWxlbWVudHMiOltdLCJ3aWRnZXRUeXBlIjoidGV4dC1lZGl0b3IifSx7ImlkIjoiOWM0NGQ1MSIsImVsVHlwZSI6ImNvbnRhaW5lciIsInNldHRpbmdzIjp7ImZsZXhfZGlyZWN0aW9uIjoiY29sdW1uIiwiY29udGVudF93aWR0aCI6ImZ1bGwiLCJ3aWR0aCI6eyJ1bml0IjoiJSIsInNpemUiOiI1MCJ9fSwiZWxlbWVudHMiOltdLCJpc0lubmVyIjp0cnVlfV0sImlzSW5uZXIiOmZhbHNlfV11AHckM2JiNDE5YjQtYjEyZC00ZTI4LWE0OTItMWFhNWFiNGUxZGU1eHcmPGgyIGNsYXNzPSJ3cC1ibG9jay1oZWFkaW5nIj5UZXN0PC9oMj53DGNvcmUvaGVhZGluZ30CdyQ3MzIzZTI0MC1kYzljLTRmOTUtYmVkYy1hODFiZGIxYjAyZTh4d3w8cD5Mb3JlbSBpcHN1bSBkb2xvcmZoZmhuc2VjdGV0dXIgYWRpcGlzY2luZyBlbGl0LiBVdCBlbGl0IHRlbGx1cywgbHVjdHVzIG5lYyB1bGxhbWNvcnBlciBtYXR0aXMsIHB1bHZpbmFyIGRhcGlidXMgbGVvLiA8L3A+dw5jb3JlL3BhcmFncmFwaHl7QnnU7Q0PIAB7Qeui4AqgAAB9ohcB1YDc6A0BvwIA\",\"updateId\":810123611}","footnotes":""},"class_list":["post-1234","page","type-page","status-publish","has-post-thumbnail","hentry"],"acf":[],"yoast_head":"<!-- This site is optimized with the Yoast SEO plugin v27.4 - https:\/\/yoast.com\/product\/yoast-seo-wordpress\/ -->\n<title>History of Zollquartier Schrattenberg<\/title>\n<meta name=\"description\" content=\"From the historic customs house on the Austrian-Czech border to a feel-good retreat. Discover the unique history of Zollquartier.\" \/>\n<meta name=\"robots\" content=\"index, follow, max-snippet:-1, max-image-preview:large, max-video-preview:-1\" \/>\n<link rel=\"canonical\" href=\"https:\/\/zollquartier.com\/en\/boundless-past\/\" \/>\n<meta property=\"og:locale\" content=\"en_US\" \/>\n<meta property=\"og:type\" content=\"article\" \/>\n<meta property=\"og:title\" content=\"History of Zollquartier Schrattenberg\" \/>\n<meta property=\"og:description\" content=\"From the historic customs house on the Austrian-Czech border to a feel-good retreat. Discover the unique history of Zollquartier.\" \/>\n<meta property=\"og:url\" content=\"https:\/\/zollquartier.com\/en\/boundless-past\/\" \/>\n<meta property=\"og:site_name\" content=\"Zollquartier | Grenzenloses Sein &amp; Urlaub im Weinviertel\" \/>\n<meta property=\"article:publisher\" content=\"https:\/\/www.facebook.com\/people\/Zollquartier\/61585080200485\/\" \/>\n<meta property=\"article:modified_time\" content=\"2026-04-02T15:30:14+00:00\" \/>\n<meta property=\"og:image\" content=\"https:\/\/zollquartier.com\/wp-content\/uploads\/2026\/04\/Zollquartier_Schrattenberg.webp\" \/>\n\t<meta property=\"og:image:width\" content=\"1800\" \/>\n\t<meta property=\"og:image:height\" content=\"1050\" \/>\n\t<meta property=\"og:image:type\" content=\"image\/webp\" \/>\n<meta name=\"twitter:label1\" content=\"Est. reading time\" \/>\n\t<meta name=\"twitter:data1\" content=\"1 minute\" \/>\n<script type=\"application\/ld+json\" class=\"yoast-schema-graph\">{\"@context\":\"https:\\\/\\\/schema.org\",\"@graph\":[{\"@type\":\"WebPage\",\"@id\":\"https:\\\/\\\/zollquartier.com\\\/en\\\/boundless-past\\\/\",\"url\":\"https:\\\/\\\/zollquartier.com\\\/en\\\/boundless-past\\\/\",\"name\":\"History of Zollquartier Schrattenberg\",\"isPartOf\":{\"@id\":\"https:\\\/\\\/zollquartier.com\\\/en\\\/#website\"},\"primaryImageOfPage\":{\"@id\":\"https:\\\/\\\/zollquartier.com\\\/en\\\/boundless-past\\\/#primaryimage\"},\"image\":{\"@id\":\"https:\\\/\\\/zollquartier.com\\\/en\\\/boundless-past\\\/#primaryimage\"},\"thumbnailUrl\":\"https:\\\/\\\/i0.wp.com\\\/zollquartier.com\\\/wp-content\\\/uploads\\\/2026\\\/04\\\/Zollquartier_Schrattenberg.webp?fit=1800%2C1050&ssl=1\",\"datePublished\":\"2026-03-20T15:29:55+00:00\",\"dateModified\":\"2026-04-02T15:30:14+00:00\",\"description\":\"From the historic customs house on the Austrian-Czech border to a feel-good retreat. Discover the unique history of Zollquartier.\",\"breadcrumb\":{\"@id\":\"https:\\\/\\\/zollquartier.com\\\/en\\\/boundless-past\\\/#breadcrumb\"},\"inLanguage\":\"en-US\",\"potentialAction\":[{\"@type\":\"ReadAction\",\"target\":[\"https:\\\/\\\/zollquartier.com\\\/en\\\/boundless-past\\\/\"]}]},{\"@type\":\"ImageObject\",\"inLanguage\":\"en-US\",\"@id\":\"https:\\\/\\\/zollquartier.com\\\/en\\\/boundless-past\\\/#primaryimage\",\"url\":\"https:\\\/\\\/i0.wp.com\\\/zollquartier.com\\\/wp-content\\\/uploads\\\/2026\\\/04\\\/Zollquartier_Schrattenberg.webp?fit=1800%2C1050&ssl=1\",\"contentUrl\":\"https:\\\/\\\/i0.wp.com\\\/zollquartier.com\\\/wp-content\\\/uploads\\\/2026\\\/04\\\/Zollquartier_Schrattenberg.webp?fit=1800%2C1050&ssl=1\",\"width\":1800,\"height\":1050,\"caption\":\"Nahaufnahme der einladenden Fassade des Zollquartiers, ideal f\u00fcr einen erholsamen Aufenthalt.\"},{\"@type\":\"BreadcrumbList\",\"@id\":\"https:\\\/\\\/zollquartier.com\\\/en\\\/boundless-past\\\/#breadcrumb\",\"itemListElement\":[{\"@type\":\"ListItem\",\"position\":1,\"name\":\"Start\",\"item\":\"https:\\\/\\\/zollquartier.com\\\/en\\\/\"},{\"@type\":\"ListItem\",\"position\":2,\"name\":\"Boundless PAST\"}]},{\"@type\":\"WebSite\",\"@id\":\"https:\\\/\\\/zollquartier.com\\\/en\\\/#website\",\"url\":\"https:\\\/\\\/zollquartier.com\\\/en\\\/\",\"name\":\"Zollquartier Schrattenberg | grenzenloses sein\",\"description\":\"Willkommen im Zollquartier! Entfliehe dem Alltag und genie\u00dfe moderne Ferienwohnungen, regionale Weine und pure Natur an der Grenze. Jetzt Auszeit anfragen!\",\"publisher\":{\"@id\":\"https:\\\/\\\/zollquartier.com\\\/en\\\/#organization\"},\"potentialAction\":[{\"@type\":\"SearchAction\",\"target\":{\"@type\":\"EntryPoint\",\"urlTemplate\":\"https:\\\/\\\/zollquartier.com\\\/en\\\/?s={search_term_string}\"},\"query-input\":{\"@type\":\"PropertyValueSpecification\",\"valueRequired\":true,\"valueName\":\"search_term_string\"}}],\"inLanguage\":\"en-US\"},{\"@type\":\"Organization\",\"@id\":\"https:\\\/\\\/zollquartier.com\\\/en\\\/#organization\",\"name\":\"Zollquartier\",\"url\":\"https:\\\/\\\/zollquartier.com\\\/en\\\/\",\"logo\":{\"@type\":\"ImageObject\",\"inLanguage\":\"en-US\",\"@id\":\"https:\\\/\\\/zollquartier.com\\\/en\\\/#\\\/schema\\\/logo\\\/image\\\/\",\"url\":\"https:\\\/\\\/zollquartier.com\\\/wp-content\\\/uploads\\\/2026\\\/03\\\/Logo_ZollquartierClaim_rgb.png\",\"contentUrl\":\"https:\\\/\\\/zollquartier.com\\\/wp-content\\\/uploads\\\/2026\\\/03\\\/Logo_ZollquartierClaim_rgb.png\",\"width\":2531,\"height\":1738,\"caption\":\"Zollquartier\"},\"image\":{\"@id\":\"https:\\\/\\\/zollquartier.com\\\/en\\\/#\\\/schema\\\/logo\\\/image\\\/\"},\"sameAs\":[\"https:\\\/\\\/www.facebook.com\\\/people\\\/Zollquartier\\\/61585080200485\\\/\",\"https:\\\/\\\/www.instagram.com\\\/zollquartier_schrattenberg\\\/\",\"https:\\\/\\\/at.linkedin.com\\\/company\\\/zollquartier?trk=public_profile_topcard-current-company\"]}]}<\/script>\n<!-- \/ Yoast SEO plugin. -->","yoast_head_json":{"title":"History of Zollquartier Schrattenberg","description":"From the historic customs house on the Austrian-Czech border to a feel-good retreat. Discover the unique history of Zollquartier.","robots":{"index":"index","follow":"follow","max-snippet":"max-snippet:-1","max-image-preview":"max-image-preview:large","max-video-preview":"max-video-preview:-1"},"canonical":"https:\/\/zollquartier.com\/en\/boundless-past\/","og_locale":"en_US","og_type":"article","og_title":"History of Zollquartier Schrattenberg","og_description":"From the historic customs house on the Austrian-Czech border to a feel-good retreat. Discover the unique history of Zollquartier.","og_url":"https:\/\/zollquartier.com\/en\/boundless-past\/","og_site_name":"Zollquartier | Grenzenloses Sein &amp; Urlaub im Weinviertel","article_publisher":"https:\/\/www.facebook.com\/people\/Zollquartier\/61585080200485\/","article_modified_time":"2026-04-02T15:30:14+00:00","og_image":[{"width":1800,"height":1050,"url":"https:\/\/zollquartier.com\/wp-content\/uploads\/2026\/04\/Zollquartier_Schrattenberg.webp","type":"image\/webp"}],"twitter_misc":{"Est. reading time":"1 minute"},"schema":{"@context":"https:\/\/schema.org","@graph":[{"@type":"WebPage","@id":"https:\/\/zollquartier.com\/en\/boundless-past\/","url":"https:\/\/zollquartier.com\/en\/boundless-past\/","name":"History of Zollquartier Schrattenberg","isPartOf":{"@id":"https:\/\/zollquartier.com\/en\/#website"},"primaryImageOfPage":{"@id":"https:\/\/zollquartier.com\/en\/boundless-past\/#primaryimage"},"image":{"@id":"https:\/\/zollquartier.com\/en\/boundless-past\/#primaryimage"},"thumbnailUrl":"https:\/\/i0.wp.com\/zollquartier.com\/wp-content\/uploads\/2026\/04\/Zollquartier_Schrattenberg.webp?fit=1800%2C1050&ssl=1","datePublished":"2026-03-20T15:29:55+00:00","dateModified":"2026-04-02T15:30:14+00:00","description":"From the historic customs house on the Austrian-Czech border to a feel-good retreat. Discover the unique history of Zollquartier.","breadcrumb":{"@id":"https:\/\/zollquartier.com\/en\/boundless-past\/#breadcrumb"},"inLanguage":"en-US","potentialAction":[{"@type":"ReadAction","target":["https:\/\/zollquartier.com\/en\/boundless-past\/"]}]},{"@type":"ImageObject","inLanguage":"en-US","@id":"https:\/\/zollquartier.com\/en\/boundless-past\/#primaryimage","url":"https:\/\/i0.wp.com\/zollquartier.com\/wp-content\/uploads\/2026\/04\/Zollquartier_Schrattenberg.webp?fit=1800%2C1050&ssl=1","contentUrl":"https:\/\/i0.wp.com\/zollquartier.com\/wp-content\/uploads\/2026\/04\/Zollquartier_Schrattenberg.webp?fit=1800%2C1050&ssl=1","width":1800,"height":1050,"caption":"Nahaufnahme der einladenden Fassade des Zollquartiers, ideal f\u00fcr einen erholsamen Aufenthalt."},{"@type":"BreadcrumbList","@id":"https:\/\/zollquartier.com\/en\/boundless-past\/#breadcrumb","itemListElement":[{"@type":"ListItem","position":1,"name":"Start","item":"https:\/\/zollquartier.com\/en\/"},{"@type":"ListItem","position":2,"name":"Boundless PAST"}]},{"@type":"WebSite","@id":"https:\/\/zollquartier.com\/en\/#website","url":"https:\/\/zollquartier.com\/en\/","name":"Zollquartier Schrattenberg | grenzenloses sein","description":"Willkommen im Zollquartier! Entfliehe dem Alltag und genie\u00dfe moderne Ferienwohnungen, regionale Weine und pure Natur an der Grenze. Jetzt Auszeit anfragen!","publisher":{"@id":"https:\/\/zollquartier.com\/en\/#organization"},"potentialAction":[{"@type":"SearchAction","target":{"@type":"EntryPoint","urlTemplate":"https:\/\/zollquartier.com\/en\/?s={search_term_string}"},"query-input":{"@type":"PropertyValueSpecification","valueRequired":true,"valueName":"search_term_string"}}],"inLanguage":"en-US"},{"@type":"Organization","@id":"https:\/\/zollquartier.com\/en\/#organization","name":"Zollquartier","url":"https:\/\/zollquartier.com\/en\/","logo":{"@type":"ImageObject","inLanguage":"en-US","@id":"https:\/\/zollquartier.com\/en\/#\/schema\/logo\/image\/","url":"https:\/\/zollquartier.com\/wp-content\/uploads\/2026\/03\/Logo_ZollquartierClaim_rgb.png","contentUrl":"https:\/\/zollquartier.com\/wp-content\/uploads\/2026\/03\/Logo_ZollquartierClaim_rgb.png","width":2531,"height":1738,"caption":"Zollquartier"},"image":{"@id":"https:\/\/zollquartier.com\/en\/#\/schema\/logo\/image\/"},"sameAs":["https:\/\/www.facebook.com\/people\/Zollquartier\/61585080200485\/","https:\/\/www.instagram.com\/zollquartier_schrattenberg\/","https:\/\/at.linkedin.com\/company\/zollquartier?trk=public_profile_topcard-current-company"]}]}},"jetpack_likes_enabled":true,"jetpack_sharing_enabled":true,"jetpack_shortlink":"https:\/\/wp.me\/PgRDZ4-jU","jetpack-related-posts":[{"id":62,"url":"https:\/\/zollquartier.com\/quartiere\/","url_meta":{"origin":1234,"position":0},"title":"Grenzenloses WOHNEN","author":"pascal5061037667","date":"16.10.2025","format":false,"excerpt":"Die Quartiere","rel":"","context":"Similar post","block_context":{"text":"Similar post","link":""},"img":{"alt_text":"Modernes Schlafzimmer im Zollquartier mit komfortablem Doppelbett und einem gro\u00dffl\u00e4chigen, beruhigenden Naturmotiv an der Wand.","src":"https:\/\/i0.wp.com\/zollquartier.com\/wp-content\/uploads\/2025\/10\/20260310_ZESCH_Zollquartier_Top2_Zimmer2.1.jpg?fit=1200%2C800&ssl=1&resize=350%2C200","width":350,"height":200,"srcset":"https:\/\/i0.wp.com\/zollquartier.com\/wp-content\/uploads\/2025\/10\/20260310_ZESCH_Zollquartier_Top2_Zimmer2.1.jpg?fit=1200%2C800&ssl=1&resize=350%2C200 1x, https:\/\/i0.wp.com\/zollquartier.com\/wp-content\/uploads\/2025\/10\/20260310_ZESCH_Zollquartier_Top2_Zimmer2.1.jpg?fit=1200%2C800&ssl=1&resize=525%2C300 1.5x, https:\/\/i0.wp.com\/zollquartier.com\/wp-content\/uploads\/2025\/10\/20260310_ZESCH_Zollquartier_Top2_Zimmer2.1.jpg?fit=1200%2C800&ssl=1&resize=700%2C400 2x, https:\/\/i0.wp.com\/zollquartier.com\/wp-content\/uploads\/2025\/10\/20260310_ZESCH_Zollquartier_Top2_Zimmer2.1.jpg?fit=1200%2C800&ssl=1&resize=1050%2C600 3x"},"classes":[]},{"id":377,"url":"https:\/\/zollquartier.com\/en\/accommodation\/","url_meta":{"origin":1234,"position":1},"title":"Borderless LIVING","author":"pascal5061037667","date":"16.10.2025","format":false,"excerpt":"The Accommodations","rel":"","context":"Similar post","block_context":{"text":"Similar post","link":""},"img":{"alt_text":"Modernes Schlafzimmer im Zollquartier mit komfortablem Doppelbett und einem gro\u00dffl\u00e4chigen, beruhigenden Naturmotiv an der Wand.","src":"https:\/\/i0.wp.com\/zollquartier.com\/wp-content\/uploads\/2025\/10\/20260310_ZESCH_Zollquartier_Top2_Zimmer2.1.jpg?fit=1200%2C800&ssl=1&resize=350%2C200","width":350,"height":200,"srcset":"https:\/\/i0.wp.com\/zollquartier.com\/wp-content\/uploads\/2025\/10\/20260310_ZESCH_Zollquartier_Top2_Zimmer2.1.jpg?fit=1200%2C800&ssl=1&resize=350%2C200 1x, https:\/\/i0.wp.com\/zollquartier.com\/wp-content\/uploads\/2025\/10\/20260310_ZESCH_Zollquartier_Top2_Zimmer2.1.jpg?fit=1200%2C800&ssl=1&resize=525%2C300 1.5x, https:\/\/i0.wp.com\/zollquartier.com\/wp-content\/uploads\/2025\/10\/20260310_ZESCH_Zollquartier_Top2_Zimmer2.1.jpg?fit=1200%2C800&ssl=1&resize=700%2C400 2x, https:\/\/i0.wp.com\/zollquartier.com\/wp-content\/uploads\/2025\/10\/20260310_ZESCH_Zollquartier_Top2_Zimmer2.1.jpg?fit=1200%2C800&ssl=1&resize=1050%2C600 3x"},"classes":[]},{"id":379,"url":"https:\/\/zollquartier.com\/cs\/ubytovani\/","url_meta":{"origin":1234,"position":2},"title":"BYDLEN\u00cd bez hranic","author":"pascal5061037667","date":"16.10.2025","format":false,"excerpt":"Ubytov\u00e1n\u00ed","rel":"","context":"Similar post","block_context":{"text":"Similar post","link":""},"img":{"alt_text":"Modernes Schlafzimmer im Zollquartier mit komfortablem Doppelbett und einem gro\u00dffl\u00e4chigen, beruhigenden Naturmotiv an der Wand.","src":"https:\/\/i0.wp.com\/zollquartier.com\/wp-content\/uploads\/2025\/10\/20260310_ZESCH_Zollquartier_Top2_Zimmer2.1.jpg?fit=1200%2C800&ssl=1&resize=350%2C200","width":350,"height":200,"srcset":"https:\/\/i0.wp.com\/zollquartier.com\/wp-content\/uploads\/2025\/10\/20260310_ZESCH_Zollquartier_Top2_Zimmer2.1.jpg?fit=1200%2C800&ssl=1&resize=350%2C200 1x, https:\/\/i0.wp.com\/zollquartier.com\/wp-content\/uploads\/2025\/10\/20260310_ZESCH_Zollquartier_Top2_Zimmer2.1.jpg?fit=1200%2C800&ssl=1&resize=525%2C300 1.5x, https:\/\/i0.wp.com\/zollquartier.com\/wp-content\/uploads\/2025\/10\/20260310_ZESCH_Zollquartier_Top2_Zimmer2.1.jpg?fit=1200%2C800&ssl=1&resize=700%2C400 2x, https:\/\/i0.wp.com\/zollquartier.com\/wp-content\/uploads\/2025\/10\/20260310_ZESCH_Zollquartier_Top2_Zimmer2.1.jpg?fit=1200%2C800&ssl=1&resize=1050%2C600 3x"},"classes":[]},{"id":1237,"url":"https:\/\/zollquartier.com\/cs\/bezhranicni-minulost\/","url_meta":{"origin":1234,"position":3},"title":"Bezhrani\u010dn\u00ed MINULOST","author":"pascal5061037667","date":"20.03.2026","format":false,"excerpt":"Historie domu","rel":"","context":"Similar post","block_context":{"text":"Similar post","link":""},"img":{"alt_text":"Nahaufnahme der einladenden Fassade des Zollquartiers, ideal f\u00fcr einen erholsamen Aufenthalt.","src":"https:\/\/i0.wp.com\/zollquartier.com\/wp-content\/uploads\/2026\/04\/Zollquartier_Schrattenberg.webp?fit=1200%2C700&ssl=1&resize=350%2C200","width":350,"height":200,"srcset":"https:\/\/i0.wp.com\/zollquartier.com\/wp-content\/uploads\/2026\/04\/Zollquartier_Schrattenberg.webp?fit=1200%2C700&ssl=1&resize=350%2C200 1x, https:\/\/i0.wp.com\/zollquartier.com\/wp-content\/uploads\/2026\/04\/Zollquartier_Schrattenberg.webp?fit=1200%2C700&ssl=1&resize=525%2C300 1.5x, https:\/\/i0.wp.com\/zollquartier.com\/wp-content\/uploads\/2026\/04\/Zollquartier_Schrattenberg.webp?fit=1200%2C700&ssl=1&resize=700%2C400 2x, https:\/\/i0.wp.com\/zollquartier.com\/wp-content\/uploads\/2026\/04\/Zollquartier_Schrattenberg.webp?fit=1200%2C700&ssl=1&resize=1050%2C600 3x"},"classes":[]},{"id":877,"url":"https:\/\/zollquartier.com\/geschichte\/","url_meta":{"origin":1234,"position":4},"title":"Grenzenlose VERGANGENHEIT","author":"pascal5061037667","date":"20.03.2026","format":false,"excerpt":"Geschichte des Hauses","rel":"","context":"Similar post","block_context":{"text":"Similar post","link":""},"img":{"alt_text":"Nahaufnahme der einladenden Fassade des Zollquartiers, ideal f\u00fcr einen erholsamen Aufenthalt.","src":"https:\/\/i0.wp.com\/zollquartier.com\/wp-content\/uploads\/2026\/04\/Zollquartier_Schrattenberg.webp?fit=1200%2C700&ssl=1&resize=350%2C200","width":350,"height":200,"srcset":"https:\/\/i0.wp.com\/zollquartier.com\/wp-content\/uploads\/2026\/04\/Zollquartier_Schrattenberg.webp?fit=1200%2C700&ssl=1&resize=350%2C200 1x, https:\/\/i0.wp.com\/zollquartier.com\/wp-content\/uploads\/2026\/04\/Zollquartier_Schrattenberg.webp?fit=1200%2C700&ssl=1&resize=525%2C300 1.5x, https:\/\/i0.wp.com\/zollquartier.com\/wp-content\/uploads\/2026\/04\/Zollquartier_Schrattenberg.webp?fit=1200%2C700&ssl=1&resize=700%2C400 2x, https:\/\/i0.wp.com\/zollquartier.com\/wp-content\/uploads\/2026\/04\/Zollquartier_Schrattenberg.webp?fit=1200%2C700&ssl=1&resize=1050%2C600 3x"},"classes":[]}],"_links":{"self":[{"href":"https:\/\/zollquartier.com\/en\/wp-json\/wp\/v2\/pages\/1234","targetHints":{"allow":["GET"]}}],"collection":[{"href":"https:\/\/zollquartier.com\/en\/wp-json\/wp\/v2\/pages"}],"about":[{"href":"https:\/\/zollquartier.com\/en\/wp-json\/wp\/v2\/types\/page"}],"author":[{"embeddable":true,"href":"https:\/\/zollquartier.com\/en\/wp-json\/wp\/v2\/users\/272525646"}],"replies":[{"embeddable":true,"href":"https:\/\/zollquartier.com\/en\/wp-json\/wp\/v2\/comments?post=1234"}],"version-history":[{"count":2,"href":"https:\/\/zollquartier.com\/en\/wp-json\/wp\/v2\/pages\/1234\/revisions"}],"predecessor-version":[{"id":1508,"href":"https:\/\/zollquartier.com\/en\/wp-json\/wp\/v2\/pages\/1234\/revisions\/1508"}],"wp:featuredmedia":[{"embeddable":true,"href":"https:\/\/zollquartier.com\/en\/wp-json\/wp\/v2\/media\/1506"}],"wp:attachment":[{"href":"https:\/\/zollquartier.com\/en\/wp-json\/wp\/v2\/media?parent=1234"}],"curies":[{"name":"wp","href":"https:\/\/api.w.org\/{rel}","templated":true}]}}