{"id":381,"date":"2025-10-18T19:58:06","date_gmt":"2025-10-18T17:58:06","guid":{"rendered":"https:\/\/zollquartier.com\/kontakt\/"},"modified":"2026-03-31T14:54:40","modified_gmt":"2026-03-31T12:54:40","slug":"kontakt","status":"publish","type":"page","link":"https:\/\/zollquartier.com\/cs\/kontakt\/","title":{"rendered":"Bezhrani\u010dn\u00ed POHOSTINNOST"},"content":{"rendered":"\n<div class=\"wp-block-jetpack-map is-style-default\" data-map-id=\"jp-map-1\" data-map-provider=\"mapkit\" data-api-key=\"pk.eyJ1IjoiYXV0b21hdHRpYyIsImEiOiJjazVpZjA5aWswYTFvM21sOWtzNW1rNG9lIn0.Gu-sp4wRxnnQB-Qa8CpuZQ\" data-map-style=\"default\" data-blog-id=\"249206462\"><ul><li><a href=\"https:\/\/www.google.com\/maps\/search\/?api=1&amp;query=48.7313598,16.7198084\">F\u00fcrstenweg 35, Schrattenberg, Rakousko<\/a><\/li><\/ul><\/div>\n","protected":false},"excerpt":{"rendered":"<p>Rudi &amp; rodina<\/p>\n","protected":false},"author":272525646,"featured_media":1173,"parent":0,"menu_order":0,"comment_status":"closed","ping_status":"closed","template":"kontakt","meta":{"_acf_changed":false,"_crdt_document":"","footnotes":""},"class_list":["post-381","page","type-page","status-publish","has-post-thumbnail","hentry"],"acf":[],"yoast_head":"<!-- This site is optimized with the Yoast SEO plugin v27.4 - https:\/\/yoast.com\/product\/yoast-seo-wordpress\/ -->\n<title>Kontakt &amp; Rezervace \u2013 Zollquartier Schrattenberg<\/title>\n<meta name=\"description\" content=\"Rezervujte p\u0159\u00edmo za nejlep\u0161\u00ed cenu nebo se zeptejte osobn\u011b. Rudi &amp; rodina se na v\u00e1s t\u011b\u0161\u00ed. Zkontrolujte dostupnost &amp; ceny v zabezpe\u010den\u00e9m rezerva\u010dn\u00edm kalend\u00e1\u0159i.\" \/>\n<meta name=\"robots\" content=\"index, follow, max-snippet:-1, max-image-preview:large, max-video-preview:-1\" \/>\n<link rel=\"canonical\" href=\"https:\/\/zollquartier.com\/cs\/kontakt\/\" \/>\n<meta property=\"og:locale\" content=\"cs_CZ\" \/>\n<meta property=\"og:type\" content=\"article\" \/>\n<meta property=\"og:title\" content=\"Kontakt &amp; Rezervace \u2013 Zollquartier Schrattenberg\" \/>\n<meta property=\"og:description\" content=\"Rezervujte p\u0159\u00edmo za nejlep\u0161\u00ed cenu nebo se zeptejte osobn\u011b. Rudi &amp; rodina se na v\u00e1s t\u011b\u0161\u00ed. Zkontrolujte dostupnost &amp; ceny v zabezpe\u010den\u00e9m rezerva\u010dn\u00edm kalend\u00e1\u0159i.\" \/>\n<meta property=\"og:url\" content=\"https:\/\/zollquartier.com\/cs\/kontakt\/\" \/>\n<meta property=\"og:site_name\" content=\"Zollquartier | Grenzenloses Sein &amp; Urlaub im Weinviertel\" \/>\n<meta property=\"article:publisher\" content=\"https:\/\/www.facebook.com\/people\/Zollquartier\/61585080200485\/\" \/>\n<meta property=\"article:modified_time\" content=\"2026-03-31T12:54:40+00:00\" \/>\n<meta property=\"og:image\" content=\"https:\/\/zollquartier.com\/wp-content\/uploads\/2026\/01\/Rudi3.jpg\" \/>\n\t<meta property=\"og:image:width\" content=\"1600\" \/>\n\t<meta property=\"og:image:height\" content=\"1200\" \/>\n\t<meta property=\"og:image:type\" content=\"image\/jpeg\" \/>\n<script type=\"application\/ld+json\" class=\"yoast-schema-graph\">{\"@context\":\"https:\\\/\\\/schema.org\",\"@graph\":[{\"@type\":\"WebPage\",\"@id\":\"https:\\\/\\\/zollquartier.com\\\/cs\\\/kontakt\\\/\",\"url\":\"https:\\\/\\\/zollquartier.com\\\/cs\\\/kontakt\\\/\",\"name\":\"Kontakt & Rezervace \u2013 Zollquartier Schrattenberg\",\"isPartOf\":{\"@id\":\"https:\\\/\\\/zollquartier.com\\\/cs\\\/#website\"},\"primaryImageOfPage\":{\"@id\":\"https:\\\/\\\/zollquartier.com\\\/cs\\\/kontakt\\\/#primaryimage\"},\"image\":{\"@id\":\"https:\\\/\\\/zollquartier.com\\\/cs\\\/kontakt\\\/#primaryimage\"},\"thumbnailUrl\":\"https:\\\/\\\/i0.wp.com\\\/zollquartier.com\\\/wp-content\\\/uploads\\\/2026\\\/01\\\/Rudi3.jpg?fit=1600%2C1200&ssl=1\",\"datePublished\":\"2025-10-18T17:58:06+00:00\",\"dateModified\":\"2026-03-31T12:54:40+00:00\",\"description\":\"Rezervujte p\u0159\u00edmo za nejlep\u0161\u00ed cenu nebo se zeptejte osobn\u011b. Rudi & rodina se na v\u00e1s t\u011b\u0161\u00ed. Zkontrolujte dostupnost & ceny v zabezpe\u010den\u00e9m rezerva\u010dn\u00edm kalend\u00e1\u0159i.\",\"breadcrumb\":{\"@id\":\"https:\\\/\\\/zollquartier.com\\\/cs\\\/kontakt\\\/#breadcrumb\"},\"inLanguage\":\"cs\",\"potentialAction\":[{\"@type\":\"ReadAction\",\"target\":[\"https:\\\/\\\/zollquartier.com\\\/cs\\\/kontakt\\\/\"]}]},{\"@type\":\"ImageObject\",\"inLanguage\":\"cs\",\"@id\":\"https:\\\/\\\/zollquartier.com\\\/cs\\\/kontakt\\\/#primaryimage\",\"url\":\"https:\\\/\\\/i0.wp.com\\\/zollquartier.com\\\/wp-content\\\/uploads\\\/2026\\\/01\\\/Rudi3.jpg?fit=1600%2C1200&ssl=1\",\"contentUrl\":\"https:\\\/\\\/i0.wp.com\\\/zollquartier.com\\\/wp-content\\\/uploads\\\/2026\\\/01\\\/Rudi3.jpg?fit=1600%2C1200&ssl=1\",\"width\":1600,\"height\":1200,\"caption\":\"Rudi, srde\u010dn\u00fd majitel Zollquartieru, v\u00edt\u00e1 sv\u00e9 hosty.\"},{\"@type\":\"BreadcrumbList\",\"@id\":\"https:\\\/\\\/zollquartier.com\\\/cs\\\/kontakt\\\/#breadcrumb\",\"itemListElement\":[{\"@type\":\"ListItem\",\"position\":1,\"name\":\"Start\",\"item\":\"https:\\\/\\\/zollquartier.com\\\/cs\\\/\"},{\"@type\":\"ListItem\",\"position\":2,\"name\":\"Bezhrani\u010dn\u00ed POHOSTINNOST\"}]},{\"@type\":\"WebSite\",\"@id\":\"https:\\\/\\\/zollquartier.com\\\/cs\\\/#website\",\"url\":\"https:\\\/\\\/zollquartier.com\\\/cs\\\/\",\"name\":\"Zollquartier Schrattenberg | grenzenloses sein\",\"description\":\"Willkommen im Zollquartier! Entfliehe dem Alltag und genie\u00dfe moderne Ferienwohnungen, regionale Weine und pure Natur an der Grenze. Jetzt Auszeit anfragen!\",\"publisher\":{\"@id\":\"https:\\\/\\\/zollquartier.com\\\/cs\\\/#organization\"},\"potentialAction\":[{\"@type\":\"SearchAction\",\"target\":{\"@type\":\"EntryPoint\",\"urlTemplate\":\"https:\\\/\\\/zollquartier.com\\\/cs\\\/?s={search_term_string}\"},\"query-input\":{\"@type\":\"PropertyValueSpecification\",\"valueRequired\":true,\"valueName\":\"search_term_string\"}}],\"inLanguage\":\"cs\"},{\"@type\":\"Organization\",\"@id\":\"https:\\\/\\\/zollquartier.com\\\/cs\\\/#organization\",\"name\":\"Zollquartier\",\"url\":\"https:\\\/\\\/zollquartier.com\\\/cs\\\/\",\"logo\":{\"@type\":\"ImageObject\",\"inLanguage\":\"cs\",\"@id\":\"https:\\\/\\\/zollquartier.com\\\/cs\\\/#\\\/schema\\\/logo\\\/image\\\/\",\"url\":\"https:\\\/\\\/zollquartier.com\\\/wp-content\\\/uploads\\\/2026\\\/03\\\/Logo_ZollquartierClaim_rgb.png\",\"contentUrl\":\"https:\\\/\\\/zollquartier.com\\\/wp-content\\\/uploads\\\/2026\\\/03\\\/Logo_ZollquartierClaim_rgb.png\",\"width\":2531,\"height\":1738,\"caption\":\"Zollquartier\"},\"image\":{\"@id\":\"https:\\\/\\\/zollquartier.com\\\/cs\\\/#\\\/schema\\\/logo\\\/image\\\/\"},\"sameAs\":[\"https:\\\/\\\/www.facebook.com\\\/people\\\/Zollquartier\\\/61585080200485\\\/\",\"https:\\\/\\\/www.instagram.com\\\/zollquartier_schrattenberg\\\/\",\"https:\\\/\\\/at.linkedin.com\\\/company\\\/zollquartier?trk=public_profile_topcard-current-company\"]}]}<\/script>\n<!-- \/ Yoast SEO plugin. -->","yoast_head_json":{"title":"Kontakt & Rezervace \u2013 Zollquartier Schrattenberg","description":"Rezervujte p\u0159\u00edmo za nejlep\u0161\u00ed cenu nebo se zeptejte osobn\u011b. Rudi & rodina se na v\u00e1s t\u011b\u0161\u00ed. Zkontrolujte dostupnost & ceny v zabezpe\u010den\u00e9m rezerva\u010dn\u00edm kalend\u00e1\u0159i.","robots":{"index":"index","follow":"follow","max-snippet":"max-snippet:-1","max-image-preview":"max-image-preview:large","max-video-preview":"max-video-preview:-1"},"canonical":"https:\/\/zollquartier.com\/cs\/kontakt\/","og_locale":"cs_CZ","og_type":"article","og_title":"Kontakt & Rezervace \u2013 Zollquartier Schrattenberg","og_description":"Rezervujte p\u0159\u00edmo za nejlep\u0161\u00ed cenu nebo se zeptejte osobn\u011b. Rudi & rodina se na v\u00e1s t\u011b\u0161\u00ed. Zkontrolujte dostupnost & ceny v zabezpe\u010den\u00e9m rezerva\u010dn\u00edm kalend\u00e1\u0159i.","og_url":"https:\/\/zollquartier.com\/cs\/kontakt\/","og_site_name":"Zollquartier | Grenzenloses Sein &amp; Urlaub im Weinviertel","article_publisher":"https:\/\/www.facebook.com\/people\/Zollquartier\/61585080200485\/","article_modified_time":"2026-03-31T12:54:40+00:00","og_image":[{"width":1600,"height":1200,"url":"https:\/\/zollquartier.com\/wp-content\/uploads\/2026\/01\/Rudi3.jpg","type":"image\/jpeg"}],"schema":{"@context":"https:\/\/schema.org","@graph":[{"@type":"WebPage","@id":"https:\/\/zollquartier.com\/cs\/kontakt\/","url":"https:\/\/zollquartier.com\/cs\/kontakt\/","name":"Kontakt & Rezervace \u2013 Zollquartier Schrattenberg","isPartOf":{"@id":"https:\/\/zollquartier.com\/cs\/#website"},"primaryImageOfPage":{"@id":"https:\/\/zollquartier.com\/cs\/kontakt\/#primaryimage"},"image":{"@id":"https:\/\/zollquartier.com\/cs\/kontakt\/#primaryimage"},"thumbnailUrl":"https:\/\/i0.wp.com\/zollquartier.com\/wp-content\/uploads\/2026\/01\/Rudi3.jpg?fit=1600%2C1200&ssl=1","datePublished":"2025-10-18T17:58:06+00:00","dateModified":"2026-03-31T12:54:40+00:00","description":"Rezervujte p\u0159\u00edmo za nejlep\u0161\u00ed cenu nebo se zeptejte osobn\u011b. Rudi & rodina se na v\u00e1s t\u011b\u0161\u00ed. Zkontrolujte dostupnost & ceny v zabezpe\u010den\u00e9m rezerva\u010dn\u00edm kalend\u00e1\u0159i.","breadcrumb":{"@id":"https:\/\/zollquartier.com\/cs\/kontakt\/#breadcrumb"},"inLanguage":"cs","potentialAction":[{"@type":"ReadAction","target":["https:\/\/zollquartier.com\/cs\/kontakt\/"]}]},{"@type":"ImageObject","inLanguage":"cs","@id":"https:\/\/zollquartier.com\/cs\/kontakt\/#primaryimage","url":"https:\/\/i0.wp.com\/zollquartier.com\/wp-content\/uploads\/2026\/01\/Rudi3.jpg?fit=1600%2C1200&ssl=1","contentUrl":"https:\/\/i0.wp.com\/zollquartier.com\/wp-content\/uploads\/2026\/01\/Rudi3.jpg?fit=1600%2C1200&ssl=1","width":1600,"height":1200,"caption":"Rudi, srde\u010dn\u00fd majitel Zollquartieru, v\u00edt\u00e1 sv\u00e9 hosty."},{"@type":"BreadcrumbList","@id":"https:\/\/zollquartier.com\/cs\/kontakt\/#breadcrumb","itemListElement":[{"@type":"ListItem","position":1,"name":"Start","item":"https:\/\/zollquartier.com\/cs\/"},{"@type":"ListItem","position":2,"name":"Bezhrani\u010dn\u00ed POHOSTINNOST"}]},{"@type":"WebSite","@id":"https:\/\/zollquartier.com\/cs\/#website","url":"https:\/\/zollquartier.com\/cs\/","name":"Zollquartier Schrattenberg | grenzenloses sein","description":"Willkommen im Zollquartier! Entfliehe dem Alltag und genie\u00dfe moderne Ferienwohnungen, regionale Weine und pure Natur an der Grenze. Jetzt Auszeit anfragen!","publisher":{"@id":"https:\/\/zollquartier.com\/cs\/#organization"},"potentialAction":[{"@type":"SearchAction","target":{"@type":"EntryPoint","urlTemplate":"https:\/\/zollquartier.com\/cs\/?s={search_term_string}"},"query-input":{"@type":"PropertyValueSpecification","valueRequired":true,"valueName":"search_term_string"}}],"inLanguage":"cs"},{"@type":"Organization","@id":"https:\/\/zollquartier.com\/cs\/#organization","name":"Zollquartier","url":"https:\/\/zollquartier.com\/cs\/","logo":{"@type":"ImageObject","inLanguage":"cs","@id":"https:\/\/zollquartier.com\/cs\/#\/schema\/logo\/image\/","url":"https:\/\/zollquartier.com\/wp-content\/uploads\/2026\/03\/Logo_ZollquartierClaim_rgb.png","contentUrl":"https:\/\/zollquartier.com\/wp-content\/uploads\/2026\/03\/Logo_ZollquartierClaim_rgb.png","width":2531,"height":1738,"caption":"Zollquartier"},"image":{"@id":"https:\/\/zollquartier.com\/cs\/#\/schema\/logo\/image\/"},"sameAs":["https:\/\/www.facebook.com\/people\/Zollquartier\/61585080200485\/","https:\/\/www.instagram.com\/zollquartier_schrattenberg\/","https:\/\/at.linkedin.com\/company\/zollquartier?trk=public_profile_topcard-current-company"]}]}},"jetpack_likes_enabled":true,"jetpack_sharing_enabled":true,"jetpack_shortlink":"https:\/\/wp.me\/PgRDZ4-69","jetpack-related-posts":[{"id":1236,"url":"https:\/\/zollquartier.com\/bezhranicni-minulost\/","url_meta":{"origin":381,"position":0},"title":"Bezhrani\u010dn\u00ed MINULOST","author":"pascal5061037667","date":"20.03.2026","format":false,"excerpt":"Historie domu","rel":"","context":"Podobn\u00fd p\u0159\u00edsp\u011bvek","block_context":{"text":"Podobn\u00fd p\u0159\u00edsp\u011bvek","link":""},"img":{"alt_text":"","src":"","width":0,"height":0},"classes":[]},{"id":1237,"url":"https:\/\/zollquartier.com\/cs\/bezhranicni-minulost\/","url_meta":{"origin":381,"position":1},"title":"Bezhrani\u010dn\u00ed MINULOST","author":"pascal5061037667","date":"20.03.2026","format":false,"excerpt":"Historie domu","rel":"","context":"Podobn\u00fd p\u0159\u00edsp\u011bvek","block_context":{"text":"Podobn\u00fd p\u0159\u00edsp\u011bvek","link":""},"img":{"alt_text":"Nahaufnahme der einladenden Fassade des Zollquartiers, ideal f\u00fcr einen erholsamen Aufenthalt.","src":"https:\/\/i0.wp.com\/zollquartier.com\/wp-content\/uploads\/2026\/04\/Zollquartier_Schrattenberg.webp?fit=1200%2C700&ssl=1&resize=350%2C200","width":350,"height":200,"srcset":"https:\/\/i0.wp.com\/zollquartier.com\/wp-content\/uploads\/2026\/04\/Zollquartier_Schrattenberg.webp?fit=1200%2C700&ssl=1&resize=350%2C200 1x, https:\/\/i0.wp.com\/zollquartier.com\/wp-content\/uploads\/2026\/04\/Zollquartier_Schrattenberg.webp?fit=1200%2C700&ssl=1&resize=525%2C300 1.5x, https:\/\/i0.wp.com\/zollquartier.com\/wp-content\/uploads\/2026\/04\/Zollquartier_Schrattenberg.webp?fit=1200%2C700&ssl=1&resize=700%2C400 2x, https:\/\/i0.wp.com\/zollquartier.com\/wp-content\/uploads\/2026\/04\/Zollquartier_Schrattenberg.webp?fit=1200%2C700&ssl=1&resize=1050%2C600 3x"},"classes":[]},{"id":361,"url":"https:\/\/zollquartier.com\/cs\/okoli\/","url_meta":{"origin":381,"position":2},"title":"Bezhrani\u010dn\u00ed OBJEVOV\u00c1N\u00cd","author":"pascal5061037667","date":"04.11.2025","format":false,"excerpt":"Weinviertel a Ji\u017en\u00ed Morava","rel":"","context":"Podobn\u00fd p\u0159\u00edsp\u011bvek","block_context":{"text":"Podobn\u00fd p\u0159\u00edsp\u011bvek","link":""},"img":{"alt_text":"Udr\u017eovan\u00e9 \u0159ady r\u00e9vy ve slunn\u00e9 vinici pobl\u00ed\u017e Zollquartier.","src":"https:\/\/i0.wp.com\/zollquartier.com\/wp-content\/uploads\/2026\/01\/zollhaus_weingarten.jpg?fit=1200%2C800&ssl=1&resize=350%2C200","width":350,"height":200,"srcset":"https:\/\/i0.wp.com\/zollquartier.com\/wp-content\/uploads\/2026\/01\/zollhaus_weingarten.jpg?fit=1200%2C800&ssl=1&resize=350%2C200 1x, https:\/\/i0.wp.com\/zollquartier.com\/wp-content\/uploads\/2026\/01\/zollhaus_weingarten.jpg?fit=1200%2C800&ssl=1&resize=525%2C300 1.5x, https:\/\/i0.wp.com\/zollquartier.com\/wp-content\/uploads\/2026\/01\/zollhaus_weingarten.jpg?fit=1200%2C800&ssl=1&resize=700%2C400 2x, https:\/\/i0.wp.com\/zollquartier.com\/wp-content\/uploads\/2026\/01\/zollhaus_weingarten.jpg?fit=1200%2C800&ssl=1&resize=1050%2C600 3x"},"classes":[]},{"id":92,"url":"https:\/\/zollquartier.com\/kontakt\/","url_meta":{"origin":381,"position":3},"title":"Grenzenlose GASTFREUNDSCHAFT","author":"pascal5061037667","date":"18.10.2025","format":false,"excerpt":"Rudi & Familie","rel":"","context":"Podobn\u00fd p\u0159\u00edsp\u011bvek","block_context":{"text":"Podobn\u00fd p\u0159\u00edsp\u011bvek","link":""},"img":{"alt_text":"Rudi, der herzliche Inhaber des Zollquartiers, begr\u00fc\u00dft seine G\u00e4ste.","src":"https:\/\/i0.wp.com\/zollquartier.com\/wp-content\/uploads\/2026\/01\/Rudi3.jpg?fit=1200%2C900&ssl=1&resize=350%2C200","width":350,"height":200,"srcset":"https:\/\/i0.wp.com\/zollquartier.com\/wp-content\/uploads\/2026\/01\/Rudi3.jpg?fit=1200%2C900&ssl=1&resize=350%2C200 1x, https:\/\/i0.wp.com\/zollquartier.com\/wp-content\/uploads\/2026\/01\/Rudi3.jpg?fit=1200%2C900&ssl=1&resize=525%2C300 1.5x, https:\/\/i0.wp.com\/zollquartier.com\/wp-content\/uploads\/2026\/01\/Rudi3.jpg?fit=1200%2C900&ssl=1&resize=700%2C400 2x, https:\/\/i0.wp.com\/zollquartier.com\/wp-content\/uploads\/2026\/01\/Rudi3.jpg?fit=1200%2C900&ssl=1&resize=1050%2C600 3x"},"classes":[]},{"id":371,"url":"https:\/\/zollquartier.com\/en\/contact\/","url_meta":{"origin":381,"position":4},"title":"Boundless HOSPITALITY","author":"pascal5061037667","date":"18.10.2025","format":false,"excerpt":"Rudi & family","rel":"","context":"Podobn\u00fd p\u0159\u00edsp\u011bvek","block_context":{"text":"Podobn\u00fd p\u0159\u00edsp\u011bvek","link":""},"img":{"alt_text":"Rudi, the warm and welcoming owner of Zollquartier, greets his guests.","src":"https:\/\/i0.wp.com\/zollquartier.com\/wp-content\/uploads\/2026\/01\/Rudi3.jpg?fit=1200%2C900&ssl=1&resize=350%2C200","width":350,"height":200,"srcset":"https:\/\/i0.wp.com\/zollquartier.com\/wp-content\/uploads\/2026\/01\/Rudi3.jpg?fit=1200%2C900&ssl=1&resize=350%2C200 1x, https:\/\/i0.wp.com\/zollquartier.com\/wp-content\/uploads\/2026\/01\/Rudi3.jpg?fit=1200%2C900&ssl=1&resize=525%2C300 1.5x, https:\/\/i0.wp.com\/zollquartier.com\/wp-content\/uploads\/2026\/01\/Rudi3.jpg?fit=1200%2C900&ssl=1&resize=700%2C400 2x, https:\/\/i0.wp.com\/zollquartier.com\/wp-content\/uploads\/2026\/01\/Rudi3.jpg?fit=1200%2C900&ssl=1&resize=1050%2C600 3x"},"classes":[]}],"_links":{"self":[{"href":"https:\/\/zollquartier.com\/cs\/wp-json\/wp\/v2\/pages\/381","targetHints":{"allow":["GET"]}}],"collection":[{"href":"https:\/\/zollquartier.com\/cs\/wp-json\/wp\/v2\/pages"}],"about":[{"href":"https:\/\/zollquartier.com\/cs\/wp-json\/wp\/v2\/types\/page"}],"author":[{"embeddable":true,"href":"https:\/\/zollquartier.com\/cs\/wp-json\/wp\/v2\/users\/272525646"}],"replies":[{"embeddable":true,"href":"https:\/\/zollquartier.com\/cs\/wp-json\/wp\/v2\/comments?post=381"}],"version-history":[{"count":8,"href":"https:\/\/zollquartier.com\/cs\/wp-json\/wp\/v2\/pages\/381\/revisions"}],"predecessor-version":[{"id":1266,"href":"https:\/\/zollquartier.com\/cs\/wp-json\/wp\/v2\/pages\/381\/revisions\/1266"}],"wp:featuredmedia":[{"embeddable":true,"href":"https:\/\/zollquartier.com\/cs\/wp-json\/wp\/v2\/media\/1173"}],"wp:attachment":[{"href":"https:\/\/zollquartier.com\/cs\/wp-json\/wp\/v2\/media?parent=381"}],"curies":[{"name":"wp","href":"https:\/\/api.w.org\/{rel}","templated":true}]}}