{"id":379,"date":"2025-10-16T20:16:24","date_gmt":"2025-10-16T18:16:24","guid":{"rendered":"https:\/\/zollquartier.com\/ubytovani\/"},"modified":"2026-03-31T11:05:38","modified_gmt":"2026-03-31T09:05:38","slug":"ubytovani","status":"publish","type":"page","link":"https:\/\/zollquartier.com\/cs\/ubytovani\/","title":{"rendered":"BYDLEN\u00cd bez hranic"},"content":{"rendered":"\n<h2 class=\"wp-block-heading\">Test<\/h2>\n\n<p class=\"wp-block-paragraph\">Lorem ipsum dolorfhfhnsectetur adipiscing elit. Ut elit tellus, luctus nec ullamcorper mattis, pulvinar dapibus leo. <\/p>\n","protected":false},"excerpt":{"rendered":"<p>Ubytov\u00e1n\u00ed<\/p>\n","protected":false},"author":272525646,"featured_media":1167,"parent":0,"menu_order":0,"comment_status":"closed","ping_status":"closed","template":"our-history","meta":{"_acf_changed":false,"_crdt_document":"","footnotes":""},"class_list":["post-379","page","type-page","status-publish","has-post-thumbnail","hentry"],"acf":[],"yoast_head":"<!-- This site is optimized with the Yoast SEO plugin v27.4 - https:\/\/yoast.com\/product\/yoast-seo-wordpress\/ -->\n<title>Apartm\u00e1ny &amp; dvoul\u016f\u017ekov\u00e9 pokoje \u2013 Zollquartier Schrattenberg<\/title>\n<meta name=\"description\" content=\"6 modern\u00edch apartm\u00e1n\u016f (40m\u00b2) dvoul\u016f\u017ekov\u00e9 pokoje s v\u00fdhledem na vinice p\u0159es 3 zem\u011b. Pln\u011b vybaven\u00e9, a\u017e pro 4 osoby. Rezervujte p\u0159\u00edmo za nejlep\u0161\u00ed cenu.\" \/>\n<meta name=\"robots\" content=\"index, follow, max-snippet:-1, max-image-preview:large, max-video-preview:-1\" \/>\n<link rel=\"canonical\" href=\"https:\/\/zollquartier.com\/cs\/ubytovani\/\" \/>\n<meta property=\"og:locale\" content=\"cs_CZ\" \/>\n<meta property=\"og:type\" content=\"article\" \/>\n<meta property=\"og:title\" content=\"Apartm\u00e1ny &amp; dvoul\u016f\u017ekov\u00e9 pokoje \u2013 Zollquartier Schrattenberg\" \/>\n<meta property=\"og:description\" content=\"6 modern\u00edch apartm\u00e1n\u016f (40m\u00b2) dvoul\u016f\u017ekov\u00e9 pokoje s v\u00fdhledem na vinice p\u0159es 3 zem\u011b. Pln\u011b vybaven\u00e9, a\u017e pro 4 osoby. Rezervujte p\u0159\u00edmo za nejlep\u0161\u00ed cenu.\" \/>\n<meta property=\"og:url\" content=\"https:\/\/zollquartier.com\/cs\/ubytovani\/\" \/>\n<meta property=\"og:site_name\" content=\"Zollquartier | Grenzenloses Sein &amp; Urlaub im Weinviertel\" \/>\n<meta property=\"article:publisher\" content=\"https:\/\/www.facebook.com\/people\/Zollquartier\/61585080200485\/\" \/>\n<meta property=\"article:modified_time\" content=\"2026-03-31T09:05:38+00:00\" \/>\n<meta property=\"og:image\" content=\"https:\/\/zollquartier.com\/wp-content\/uploads\/2025\/10\/20260310_ZESCH_Zollquartier_Top2_Zimmer2.1.jpg\" \/>\n\t<meta property=\"og:image:width\" content=\"1200\" \/>\n\t<meta property=\"og:image:height\" content=\"800\" \/>\n\t<meta property=\"og:image:type\" content=\"image\/jpeg\" \/>\n<script type=\"application\/ld+json\" class=\"yoast-schema-graph\">{\"@context\":\"https:\\\/\\\/schema.org\",\"@graph\":[{\"@type\":\"WebPage\",\"@id\":\"https:\\\/\\\/zollquartier.com\\\/cs\\\/ubytovani\\\/\",\"url\":\"https:\\\/\\\/zollquartier.com\\\/cs\\\/ubytovani\\\/\",\"name\":\"Apartm\u00e1ny & dvoul\u016f\u017ekov\u00e9 pokoje \u2013 Zollquartier Schrattenberg\",\"isPartOf\":{\"@id\":\"https:\\\/\\\/zollquartier.com\\\/cs\\\/#website\"},\"primaryImageOfPage\":{\"@id\":\"https:\\\/\\\/zollquartier.com\\\/cs\\\/ubytovani\\\/#primaryimage\"},\"image\":{\"@id\":\"https:\\\/\\\/zollquartier.com\\\/cs\\\/ubytovani\\\/#primaryimage\"},\"thumbnailUrl\":\"https:\\\/\\\/i0.wp.com\\\/zollquartier.com\\\/wp-content\\\/uploads\\\/2025\\\/10\\\/20260310_ZESCH_Zollquartier_Top2_Zimmer2.1.jpg?fit=1200%2C800&ssl=1\",\"datePublished\":\"2025-10-16T18:16:24+00:00\",\"dateModified\":\"2026-03-31T09:05:38+00:00\",\"description\":\"6 modern\u00edch apartm\u00e1n\u016f (40m\u00b2) dvoul\u016f\u017ekov\u00e9 pokoje s v\u00fdhledem na vinice p\u0159es 3 zem\u011b. Pln\u011b vybaven\u00e9, a\u017e pro 4 osoby. Rezervujte p\u0159\u00edmo za nejlep\u0161\u00ed cenu.\",\"breadcrumb\":{\"@id\":\"https:\\\/\\\/zollquartier.com\\\/cs\\\/ubytovani\\\/#breadcrumb\"},\"inLanguage\":\"cs\",\"potentialAction\":[{\"@type\":\"ReadAction\",\"target\":[\"https:\\\/\\\/zollquartier.com\\\/cs\\\/ubytovani\\\/\"]}]},{\"@type\":\"ImageObject\",\"inLanguage\":\"cs\",\"@id\":\"https:\\\/\\\/zollquartier.com\\\/cs\\\/ubytovani\\\/#primaryimage\",\"url\":\"https:\\\/\\\/i0.wp.com\\\/zollquartier.com\\\/wp-content\\\/uploads\\\/2025\\\/10\\\/20260310_ZESCH_Zollquartier_Top2_Zimmer2.1.jpg?fit=1200%2C800&ssl=1\",\"contentUrl\":\"https:\\\/\\\/i0.wp.com\\\/zollquartier.com\\\/wp-content\\\/uploads\\\/2025\\\/10\\\/20260310_ZESCH_Zollquartier_Top2_Zimmer2.1.jpg?fit=1200%2C800&ssl=1\",\"width\":1200,\"height\":800,\"caption\":\"Modernes Schlafzimmer im Zollquartier mit komfortablem Doppelbett und einem gro\u00dffl\u00e4chigen, beruhigenden Naturmotiv an der Wand.\"},{\"@type\":\"BreadcrumbList\",\"@id\":\"https:\\\/\\\/zollquartier.com\\\/cs\\\/ubytovani\\\/#breadcrumb\",\"itemListElement\":[{\"@type\":\"ListItem\",\"position\":1,\"name\":\"Start\",\"item\":\"https:\\\/\\\/zollquartier.com\\\/cs\\\/\"},{\"@type\":\"ListItem\",\"position\":2,\"name\":\"BYDLEN\u00cd bez hranic\"}]},{\"@type\":\"WebSite\",\"@id\":\"https:\\\/\\\/zollquartier.com\\\/cs\\\/#website\",\"url\":\"https:\\\/\\\/zollquartier.com\\\/cs\\\/\",\"name\":\"Zollquartier Schrattenberg | grenzenloses sein\",\"description\":\"Willkommen im Zollquartier! Entfliehe dem Alltag und genie\u00dfe moderne Ferienwohnungen, regionale Weine und pure Natur an der Grenze. Jetzt Auszeit anfragen!\",\"publisher\":{\"@id\":\"https:\\\/\\\/zollquartier.com\\\/cs\\\/#organization\"},\"potentialAction\":[{\"@type\":\"SearchAction\",\"target\":{\"@type\":\"EntryPoint\",\"urlTemplate\":\"https:\\\/\\\/zollquartier.com\\\/cs\\\/?s={search_term_string}\"},\"query-input\":{\"@type\":\"PropertyValueSpecification\",\"valueRequired\":true,\"valueName\":\"search_term_string\"}}],\"inLanguage\":\"cs\"},{\"@type\":\"Organization\",\"@id\":\"https:\\\/\\\/zollquartier.com\\\/cs\\\/#organization\",\"name\":\"Zollquartier\",\"url\":\"https:\\\/\\\/zollquartier.com\\\/cs\\\/\",\"logo\":{\"@type\":\"ImageObject\",\"inLanguage\":\"cs\",\"@id\":\"https:\\\/\\\/zollquartier.com\\\/cs\\\/#\\\/schema\\\/logo\\\/image\\\/\",\"url\":\"https:\\\/\\\/zollquartier.com\\\/wp-content\\\/uploads\\\/2026\\\/03\\\/Logo_ZollquartierClaim_rgb.png\",\"contentUrl\":\"https:\\\/\\\/zollquartier.com\\\/wp-content\\\/uploads\\\/2026\\\/03\\\/Logo_ZollquartierClaim_rgb.png\",\"width\":2531,\"height\":1738,\"caption\":\"Zollquartier\"},\"image\":{\"@id\":\"https:\\\/\\\/zollquartier.com\\\/cs\\\/#\\\/schema\\\/logo\\\/image\\\/\"},\"sameAs\":[\"https:\\\/\\\/www.facebook.com\\\/people\\\/Zollquartier\\\/61585080200485\\\/\",\"https:\\\/\\\/www.instagram.com\\\/zollquartier_schrattenberg\\\/\",\"https:\\\/\\\/at.linkedin.com\\\/company\\\/zollquartier?trk=public_profile_topcard-current-company\"]}]}<\/script>\n<!-- \/ Yoast SEO plugin. -->","yoast_head_json":{"title":"Apartm\u00e1ny & dvoul\u016f\u017ekov\u00e9 pokoje \u2013 Zollquartier Schrattenberg","description":"6 modern\u00edch apartm\u00e1n\u016f (40m\u00b2) dvoul\u016f\u017ekov\u00e9 pokoje s v\u00fdhledem na vinice p\u0159es 3 zem\u011b. Pln\u011b vybaven\u00e9, a\u017e pro 4 osoby. Rezervujte p\u0159\u00edmo za nejlep\u0161\u00ed cenu.","robots":{"index":"index","follow":"follow","max-snippet":"max-snippet:-1","max-image-preview":"max-image-preview:large","max-video-preview":"max-video-preview:-1"},"canonical":"https:\/\/zollquartier.com\/cs\/ubytovani\/","og_locale":"cs_CZ","og_type":"article","og_title":"Apartm\u00e1ny & dvoul\u016f\u017ekov\u00e9 pokoje \u2013 Zollquartier Schrattenberg","og_description":"6 modern\u00edch apartm\u00e1n\u016f (40m\u00b2) dvoul\u016f\u017ekov\u00e9 pokoje s v\u00fdhledem na vinice p\u0159es 3 zem\u011b. Pln\u011b vybaven\u00e9, a\u017e pro 4 osoby. Rezervujte p\u0159\u00edmo za nejlep\u0161\u00ed cenu.","og_url":"https:\/\/zollquartier.com\/cs\/ubytovani\/","og_site_name":"Zollquartier | Grenzenloses Sein &amp; Urlaub im Weinviertel","article_publisher":"https:\/\/www.facebook.com\/people\/Zollquartier\/61585080200485\/","article_modified_time":"2026-03-31T09:05:38+00:00","og_image":[{"width":1200,"height":800,"url":"https:\/\/zollquartier.com\/wp-content\/uploads\/2025\/10\/20260310_ZESCH_Zollquartier_Top2_Zimmer2.1.jpg","type":"image\/jpeg"}],"schema":{"@context":"https:\/\/schema.org","@graph":[{"@type":"WebPage","@id":"https:\/\/zollquartier.com\/cs\/ubytovani\/","url":"https:\/\/zollquartier.com\/cs\/ubytovani\/","name":"Apartm\u00e1ny & dvoul\u016f\u017ekov\u00e9 pokoje \u2013 Zollquartier Schrattenberg","isPartOf":{"@id":"https:\/\/zollquartier.com\/cs\/#website"},"primaryImageOfPage":{"@id":"https:\/\/zollquartier.com\/cs\/ubytovani\/#primaryimage"},"image":{"@id":"https:\/\/zollquartier.com\/cs\/ubytovani\/#primaryimage"},"thumbnailUrl":"https:\/\/i0.wp.com\/zollquartier.com\/wp-content\/uploads\/2025\/10\/20260310_ZESCH_Zollquartier_Top2_Zimmer2.1.jpg?fit=1200%2C800&ssl=1","datePublished":"2025-10-16T18:16:24+00:00","dateModified":"2026-03-31T09:05:38+00:00","description":"6 modern\u00edch apartm\u00e1n\u016f (40m\u00b2) dvoul\u016f\u017ekov\u00e9 pokoje s v\u00fdhledem na vinice p\u0159es 3 zem\u011b. Pln\u011b vybaven\u00e9, a\u017e pro 4 osoby. Rezervujte p\u0159\u00edmo za nejlep\u0161\u00ed cenu.","breadcrumb":{"@id":"https:\/\/zollquartier.com\/cs\/ubytovani\/#breadcrumb"},"inLanguage":"cs","potentialAction":[{"@type":"ReadAction","target":["https:\/\/zollquartier.com\/cs\/ubytovani\/"]}]},{"@type":"ImageObject","inLanguage":"cs","@id":"https:\/\/zollquartier.com\/cs\/ubytovani\/#primaryimage","url":"https:\/\/i0.wp.com\/zollquartier.com\/wp-content\/uploads\/2025\/10\/20260310_ZESCH_Zollquartier_Top2_Zimmer2.1.jpg?fit=1200%2C800&ssl=1","contentUrl":"https:\/\/i0.wp.com\/zollquartier.com\/wp-content\/uploads\/2025\/10\/20260310_ZESCH_Zollquartier_Top2_Zimmer2.1.jpg?fit=1200%2C800&ssl=1","width":1200,"height":800,"caption":"Modernes Schlafzimmer im Zollquartier mit komfortablem Doppelbett und einem gro\u00dffl\u00e4chigen, beruhigenden Naturmotiv an der Wand."},{"@type":"BreadcrumbList","@id":"https:\/\/zollquartier.com\/cs\/ubytovani\/#breadcrumb","itemListElement":[{"@type":"ListItem","position":1,"name":"Start","item":"https:\/\/zollquartier.com\/cs\/"},{"@type":"ListItem","position":2,"name":"BYDLEN\u00cd bez hranic"}]},{"@type":"WebSite","@id":"https:\/\/zollquartier.com\/cs\/#website","url":"https:\/\/zollquartier.com\/cs\/","name":"Zollquartier Schrattenberg | grenzenloses sein","description":"Willkommen im Zollquartier! Entfliehe dem Alltag und genie\u00dfe moderne Ferienwohnungen, regionale Weine und pure Natur an der Grenze. Jetzt Auszeit anfragen!","publisher":{"@id":"https:\/\/zollquartier.com\/cs\/#organization"},"potentialAction":[{"@type":"SearchAction","target":{"@type":"EntryPoint","urlTemplate":"https:\/\/zollquartier.com\/cs\/?s={search_term_string}"},"query-input":{"@type":"PropertyValueSpecification","valueRequired":true,"valueName":"search_term_string"}}],"inLanguage":"cs"},{"@type":"Organization","@id":"https:\/\/zollquartier.com\/cs\/#organization","name":"Zollquartier","url":"https:\/\/zollquartier.com\/cs\/","logo":{"@type":"ImageObject","inLanguage":"cs","@id":"https:\/\/zollquartier.com\/cs\/#\/schema\/logo\/image\/","url":"https:\/\/zollquartier.com\/wp-content\/uploads\/2026\/03\/Logo_ZollquartierClaim_rgb.png","contentUrl":"https:\/\/zollquartier.com\/wp-content\/uploads\/2026\/03\/Logo_ZollquartierClaim_rgb.png","width":2531,"height":1738,"caption":"Zollquartier"},"image":{"@id":"https:\/\/zollquartier.com\/cs\/#\/schema\/logo\/image\/"},"sameAs":["https:\/\/www.facebook.com\/people\/Zollquartier\/61585080200485\/","https:\/\/www.instagram.com\/zollquartier_schrattenberg\/","https:\/\/at.linkedin.com\/company\/zollquartier?trk=public_profile_topcard-current-company"]}]}},"jetpack_likes_enabled":true,"jetpack_sharing_enabled":true,"jetpack_shortlink":"https:\/\/wp.me\/PgRDZ4-67","jetpack-related-posts":[{"id":62,"url":"https:\/\/zollquartier.com\/quartiere\/","url_meta":{"origin":379,"position":0},"title":"Grenzenloses WOHNEN","author":"pascal5061037667","date":"16.10.2025","format":false,"excerpt":"Die Quartiere","rel":"","context":"Podobn\u00fd p\u0159\u00edsp\u011bvek","block_context":{"text":"Podobn\u00fd p\u0159\u00edsp\u011bvek","link":""},"img":{"alt_text":"Modernes Schlafzimmer im Zollquartier mit komfortablem Doppelbett und einem gro\u00dffl\u00e4chigen, beruhigenden Naturmotiv an der Wand.","src":"https:\/\/i0.wp.com\/zollquartier.com\/wp-content\/uploads\/2025\/10\/20260310_ZESCH_Zollquartier_Top2_Zimmer2.1.jpg?fit=1200%2C800&ssl=1&resize=350%2C200","width":350,"height":200,"srcset":"https:\/\/i0.wp.com\/zollquartier.com\/wp-content\/uploads\/2025\/10\/20260310_ZESCH_Zollquartier_Top2_Zimmer2.1.jpg?fit=1200%2C800&ssl=1&resize=350%2C200 1x, https:\/\/i0.wp.com\/zollquartier.com\/wp-content\/uploads\/2025\/10\/20260310_ZESCH_Zollquartier_Top2_Zimmer2.1.jpg?fit=1200%2C800&ssl=1&resize=525%2C300 1.5x, https:\/\/i0.wp.com\/zollquartier.com\/wp-content\/uploads\/2025\/10\/20260310_ZESCH_Zollquartier_Top2_Zimmer2.1.jpg?fit=1200%2C800&ssl=1&resize=700%2C400 2x, https:\/\/i0.wp.com\/zollquartier.com\/wp-content\/uploads\/2025\/10\/20260310_ZESCH_Zollquartier_Top2_Zimmer2.1.jpg?fit=1200%2C800&ssl=1&resize=1050%2C600 3x"},"classes":[]},{"id":377,"url":"https:\/\/zollquartier.com\/en\/accommodation\/","url_meta":{"origin":379,"position":1},"title":"Borderless LIVING","author":"pascal5061037667","date":"16.10.2025","format":false,"excerpt":"The Accommodations","rel":"","context":"Podobn\u00fd p\u0159\u00edsp\u011bvek","block_context":{"text":"Podobn\u00fd p\u0159\u00edsp\u011bvek","link":""},"img":{"alt_text":"Modernes Schlafzimmer im Zollquartier mit komfortablem Doppelbett und einem gro\u00dffl\u00e4chigen, beruhigenden Naturmotiv an der Wand.","src":"https:\/\/i0.wp.com\/zollquartier.com\/wp-content\/uploads\/2025\/10\/20260310_ZESCH_Zollquartier_Top2_Zimmer2.1.jpg?fit=1200%2C800&ssl=1&resize=350%2C200","width":350,"height":200,"srcset":"https:\/\/i0.wp.com\/zollquartier.com\/wp-content\/uploads\/2025\/10\/20260310_ZESCH_Zollquartier_Top2_Zimmer2.1.jpg?fit=1200%2C800&ssl=1&resize=350%2C200 1x, https:\/\/i0.wp.com\/zollquartier.com\/wp-content\/uploads\/2025\/10\/20260310_ZESCH_Zollquartier_Top2_Zimmer2.1.jpg?fit=1200%2C800&ssl=1&resize=525%2C300 1.5x, https:\/\/i0.wp.com\/zollquartier.com\/wp-content\/uploads\/2025\/10\/20260310_ZESCH_Zollquartier_Top2_Zimmer2.1.jpg?fit=1200%2C800&ssl=1&resize=700%2C400 2x, https:\/\/i0.wp.com\/zollquartier.com\/wp-content\/uploads\/2025\/10\/20260310_ZESCH_Zollquartier_Top2_Zimmer2.1.jpg?fit=1200%2C800&ssl=1&resize=1050%2C600 3x"},"classes":[]},{"id":1237,"url":"https:\/\/zollquartier.com\/cs\/bezhranicni-minulost\/","url_meta":{"origin":379,"position":2},"title":"Bezhrani\u010dn\u00ed MINULOST","author":"pascal5061037667","date":"20.03.2026","format":false,"excerpt":"Historie domu","rel":"","context":"Podobn\u00fd p\u0159\u00edsp\u011bvek","block_context":{"text":"Podobn\u00fd p\u0159\u00edsp\u011bvek","link":""},"img":{"alt_text":"Nahaufnahme der einladenden Fassade des Zollquartiers, ideal f\u00fcr einen erholsamen Aufenthalt.","src":"https:\/\/i0.wp.com\/zollquartier.com\/wp-content\/uploads\/2026\/04\/Zollquartier_Schrattenberg.webp?fit=1200%2C700&ssl=1&resize=350%2C200","width":350,"height":200,"srcset":"https:\/\/i0.wp.com\/zollquartier.com\/wp-content\/uploads\/2026\/04\/Zollquartier_Schrattenberg.webp?fit=1200%2C700&ssl=1&resize=350%2C200 1x, https:\/\/i0.wp.com\/zollquartier.com\/wp-content\/uploads\/2026\/04\/Zollquartier_Schrattenberg.webp?fit=1200%2C700&ssl=1&resize=525%2C300 1.5x, https:\/\/i0.wp.com\/zollquartier.com\/wp-content\/uploads\/2026\/04\/Zollquartier_Schrattenberg.webp?fit=1200%2C700&ssl=1&resize=700%2C400 2x, https:\/\/i0.wp.com\/zollquartier.com\/wp-content\/uploads\/2026\/04\/Zollquartier_Schrattenberg.webp?fit=1200%2C700&ssl=1&resize=1050%2C600 3x"},"classes":[]},{"id":1234,"url":"https:\/\/zollquartier.com\/en\/boundless-past\/","url_meta":{"origin":379,"position":3},"title":"Boundless PAST","author":"pascal5061037667","date":"20.03.2026","format":false,"excerpt":"History of the House","rel":"","context":"Podobn\u00fd p\u0159\u00edsp\u011bvek","block_context":{"text":"Podobn\u00fd p\u0159\u00edsp\u011bvek","link":""},"img":{"alt_text":"Nahaufnahme der einladenden Fassade des Zollquartiers, ideal f\u00fcr einen erholsamen Aufenthalt.","src":"https:\/\/i0.wp.com\/zollquartier.com\/wp-content\/uploads\/2026\/04\/Zollquartier_Schrattenberg.webp?fit=1200%2C700&ssl=1&resize=350%2C200","width":350,"height":200,"srcset":"https:\/\/i0.wp.com\/zollquartier.com\/wp-content\/uploads\/2026\/04\/Zollquartier_Schrattenberg.webp?fit=1200%2C700&ssl=1&resize=350%2C200 1x, https:\/\/i0.wp.com\/zollquartier.com\/wp-content\/uploads\/2026\/04\/Zollquartier_Schrattenberg.webp?fit=1200%2C700&ssl=1&resize=525%2C300 1.5x, https:\/\/i0.wp.com\/zollquartier.com\/wp-content\/uploads\/2026\/04\/Zollquartier_Schrattenberg.webp?fit=1200%2C700&ssl=1&resize=700%2C400 2x, https:\/\/i0.wp.com\/zollquartier.com\/wp-content\/uploads\/2026\/04\/Zollquartier_Schrattenberg.webp?fit=1200%2C700&ssl=1&resize=1050%2C600 3x"},"classes":[]},{"id":877,"url":"https:\/\/zollquartier.com\/geschichte\/","url_meta":{"origin":379,"position":4},"title":"Grenzenlose VERGANGENHEIT","author":"pascal5061037667","date":"20.03.2026","format":false,"excerpt":"Geschichte des Hauses","rel":"","context":"Podobn\u00fd p\u0159\u00edsp\u011bvek","block_context":{"text":"Podobn\u00fd p\u0159\u00edsp\u011bvek","link":""},"img":{"alt_text":"Nahaufnahme der einladenden Fassade des Zollquartiers, ideal f\u00fcr einen erholsamen Aufenthalt.","src":"https:\/\/i0.wp.com\/zollquartier.com\/wp-content\/uploads\/2026\/04\/Zollquartier_Schrattenberg.webp?fit=1200%2C700&ssl=1&resize=350%2C200","width":350,"height":200,"srcset":"https:\/\/i0.wp.com\/zollquartier.com\/wp-content\/uploads\/2026\/04\/Zollquartier_Schrattenberg.webp?fit=1200%2C700&ssl=1&resize=350%2C200 1x, https:\/\/i0.wp.com\/zollquartier.com\/wp-content\/uploads\/2026\/04\/Zollquartier_Schrattenberg.webp?fit=1200%2C700&ssl=1&resize=525%2C300 1.5x, https:\/\/i0.wp.com\/zollquartier.com\/wp-content\/uploads\/2026\/04\/Zollquartier_Schrattenberg.webp?fit=1200%2C700&ssl=1&resize=700%2C400 2x, https:\/\/i0.wp.com\/zollquartier.com\/wp-content\/uploads\/2026\/04\/Zollquartier_Schrattenberg.webp?fit=1200%2C700&ssl=1&resize=1050%2C600 3x"},"classes":[]}],"_links":{"self":[{"href":"https:\/\/zollquartier.com\/cs\/wp-json\/wp\/v2\/pages\/379","targetHints":{"allow":["GET"]}}],"collection":[{"href":"https:\/\/zollquartier.com\/cs\/wp-json\/wp\/v2\/pages"}],"about":[{"href":"https:\/\/zollquartier.com\/cs\/wp-json\/wp\/v2\/types\/page"}],"author":[{"embeddable":true,"href":"https:\/\/zollquartier.com\/cs\/wp-json\/wp\/v2\/users\/272525646"}],"replies":[{"embeddable":true,"href":"https:\/\/zollquartier.com\/cs\/wp-json\/wp\/v2\/comments?post=379"}],"version-history":[{"count":4,"href":"https:\/\/zollquartier.com\/cs\/wp-json\/wp\/v2\/pages\/379\/revisions"}],"predecessor-version":[{"id":1268,"href":"https:\/\/zollquartier.com\/cs\/wp-json\/wp\/v2\/pages\/379\/revisions\/1268"}],"wp:featuredmedia":[{"embeddable":true,"href":"https:\/\/zollquartier.com\/cs\/wp-json\/wp\/v2\/media\/1167"}],"wp:attachment":[{"href":"https:\/\/zollquartier.com\/cs\/wp-json\/wp\/v2\/media?parent=379"}],"curies":[{"name":"wp","href":"https:\/\/api.w.org\/{rel}","templated":true}]}}