{"id":375,"date":"2026-02-08T11:29:17","date_gmt":"2026-02-08T10:29:17","guid":{"rendered":"https:\/\/zollquartier.com\/okoli\/rodinna-dovolena-ve-weinviertelu-apartman-ve-vinici\/"},"modified":"2026-03-31T08:45:10","modified_gmt":"2026-03-31T06:45:10","slug":"rodinna-dovolena-ve-weinviertelu-apartman-ve-vinici","status":"publish","type":"page","link":"https:\/\/zollquartier.com\/cs\/okoli\/rodinna-dovolena-ve-weinviertelu-apartman-ve-vinici\/","title":{"rendered":"Rodinn\u00fd \u010das ve Weinviertelu"},"content":{"rendered":"","protected":false},"excerpt":{"rendered":"","protected":false},"author":272525646,"featured_media":1075,"parent":361,"menu_order":0,"comment_status":"closed","ping_status":"closed","template":"familienurlaub","meta":{"_acf_changed":false,"_crdt_document":"","footnotes":""},"class_list":["post-375","page","type-page","status-publish","has-post-thumbnail","hentry"],"acf":[],"yoast_head":"<!-- This site is optimized with the Yoast SEO plugin v27.4 - https:\/\/yoast.com\/product\/yoast-seo-wordpress\/ -->\n<title>Rodinn\u00e1 dovolen\u00e1 ve Weinviertelu \u2013 Zollquartier Schrattenberg<\/title>\n<meta name=\"description\" content=\"Apartm\u00e1ny vhodn\u00e9 pro rodiny (40 m\u00b2, a\u017e pro 4 osoby) se zahradou &amp; kuchyn\u00ed. Stezka naboso, z\u00e1mek Lednice &amp; \u010dist\u00e1 p\u0159\u00edroda \u2013 ide\u00e1ln\u00ed pro rodiny s d\u011btmi.\" \/>\n<meta name=\"robots\" content=\"index, follow, max-snippet:-1, max-image-preview:large, max-video-preview:-1\" \/>\n<link rel=\"canonical\" href=\"https:\/\/zollquartier.com\/cs\/okoli\/rodinna-dovolena-ve-weinviertelu-apartman-ve-vinici\/\" \/>\n<meta property=\"og:locale\" content=\"cs_CZ\" \/>\n<meta property=\"og:type\" content=\"article\" \/>\n<meta property=\"og:title\" content=\"Rodinn\u00e1 dovolen\u00e1 ve Weinviertelu \u2013 Zollquartier Schrattenberg\" \/>\n<meta property=\"og:description\" content=\"Apartm\u00e1ny vhodn\u00e9 pro rodiny (40 m\u00b2, a\u017e pro 4 osoby) se zahradou &amp; kuchyn\u00ed. Stezka naboso, z\u00e1mek Lednice &amp; \u010dist\u00e1 p\u0159\u00edroda \u2013 ide\u00e1ln\u00ed pro rodiny s d\u011btmi.\" \/>\n<meta property=\"og:url\" content=\"https:\/\/zollquartier.com\/cs\/okoli\/rodinna-dovolena-ve-weinviertelu-apartman-ve-vinici\/\" \/>\n<meta property=\"og:site_name\" content=\"Zollquartier | Grenzenloses Sein &amp; Urlaub im Weinviertel\" \/>\n<meta property=\"article:publisher\" content=\"https:\/\/www.facebook.com\/people\/Zollquartier\/61585080200485\/\" \/>\n<meta property=\"article:modified_time\" content=\"2026-03-31T06:45:10+00:00\" \/>\n<meta property=\"og:image\" content=\"https:\/\/zollquartier.com\/wp-content\/uploads\/2025\/11\/Kinder-Weinviertel-1024x683.png\" \/>\n\t<meta property=\"og:image:width\" content=\"1024\" \/>\n\t<meta property=\"og:image:height\" content=\"683\" \/>\n\t<meta property=\"og:image:type\" content=\"image\/png\" \/>\n<script type=\"application\/ld+json\" class=\"yoast-schema-graph\">{\"@context\":\"https:\\\/\\\/schema.org\",\"@graph\":[{\"@type\":\"WebPage\",\"@id\":\"https:\\\/\\\/zollquartier.com\\\/cs\\\/okoli\\\/rodinna-dovolena-ve-weinviertelu-apartman-ve-vinici\\\/\",\"url\":\"https:\\\/\\\/zollquartier.com\\\/cs\\\/okoli\\\/rodinna-dovolena-ve-weinviertelu-apartman-ve-vinici\\\/\",\"name\":\"Rodinn\u00e1 dovolen\u00e1 ve Weinviertelu \u2013 Zollquartier Schrattenberg\",\"isPartOf\":{\"@id\":\"https:\\\/\\\/zollquartier.com\\\/cs\\\/#website\"},\"primaryImageOfPage\":{\"@id\":\"https:\\\/\\\/zollquartier.com\\\/cs\\\/okoli\\\/rodinna-dovolena-ve-weinviertelu-apartman-ve-vinici\\\/#primaryimage\"},\"image\":{\"@id\":\"https:\\\/\\\/zollquartier.com\\\/cs\\\/okoli\\\/rodinna-dovolena-ve-weinviertelu-apartman-ve-vinici\\\/#primaryimage\"},\"thumbnailUrl\":\"https:\\\/\\\/i0.wp.com\\\/zollquartier.com\\\/wp-content\\\/uploads\\\/2025\\\/11\\\/Kinder-Weinviertel.png?fit=1536%2C1024&ssl=1\",\"datePublished\":\"2026-02-08T10:29:17+00:00\",\"dateModified\":\"2026-03-31T06:45:10+00:00\",\"description\":\"Apartm\u00e1ny vhodn\u00e9 pro rodiny (40 m\u00b2, a\u017e pro 4 osoby) se zahradou & kuchyn\u00ed. Stezka naboso, z\u00e1mek Lednice & \u010dist\u00e1 p\u0159\u00edroda \u2013 ide\u00e1ln\u00ed pro rodiny s d\u011btmi.\",\"breadcrumb\":{\"@id\":\"https:\\\/\\\/zollquartier.com\\\/cs\\\/okoli\\\/rodinna-dovolena-ve-weinviertelu-apartman-ve-vinici\\\/#breadcrumb\"},\"inLanguage\":\"cs\",\"potentialAction\":[{\"@type\":\"ReadAction\",\"target\":[\"https:\\\/\\\/zollquartier.com\\\/cs\\\/okoli\\\/rodinna-dovolena-ve-weinviertelu-apartman-ve-vinici\\\/\"]}]},{\"@type\":\"ImageObject\",\"inLanguage\":\"cs\",\"@id\":\"https:\\\/\\\/zollquartier.com\\\/cs\\\/okoli\\\/rodinna-dovolena-ve-weinviertelu-apartman-ve-vinici\\\/#primaryimage\",\"url\":\"https:\\\/\\\/i0.wp.com\\\/zollquartier.com\\\/wp-content\\\/uploads\\\/2025\\\/11\\\/Kinder-Weinviertel.png?fit=1536%2C1024&ssl=1\",\"contentUrl\":\"https:\\\/\\\/i0.wp.com\\\/zollquartier.com\\\/wp-content\\\/uploads\\\/2025\\\/11\\\/Kinder-Weinviertel.png?fit=1536%2C1024&ssl=1\",\"width\":1536,\"height\":1024,\"caption\":\"Zwei lachende Kinder laufen im warmen Sonnenuntergangslicht unbeschwert \u00fcber eine Wiese.\"},{\"@type\":\"BreadcrumbList\",\"@id\":\"https:\\\/\\\/zollquartier.com\\\/cs\\\/okoli\\\/rodinna-dovolena-ve-weinviertelu-apartman-ve-vinici\\\/#breadcrumb\",\"itemListElement\":[{\"@type\":\"ListItem\",\"position\":1,\"name\":\"Start\",\"item\":\"https:\\\/\\\/zollquartier.com\\\/cs\\\/\"},{\"@type\":\"ListItem\",\"position\":2,\"name\":\"Bezhrani\u010dn\u00ed OBJEVOV\u00c1N\u00cd\",\"item\":\"https:\\\/\\\/zollquartier.com\\\/cs\\\/okoli\\\/\"},{\"@type\":\"ListItem\",\"position\":3,\"name\":\"Rodinn\u00fd \u010das ve Weinviertelu\"}]},{\"@type\":\"WebSite\",\"@id\":\"https:\\\/\\\/zollquartier.com\\\/cs\\\/#website\",\"url\":\"https:\\\/\\\/zollquartier.com\\\/cs\\\/\",\"name\":\"Zollquartier Schrattenberg | grenzenloses sein\",\"description\":\"Willkommen im Zollquartier! Entfliehe dem Alltag und genie\u00dfe moderne Ferienwohnungen, regionale Weine und pure Natur an der Grenze. Jetzt Auszeit anfragen!\",\"publisher\":{\"@id\":\"https:\\\/\\\/zollquartier.com\\\/cs\\\/#organization\"},\"potentialAction\":[{\"@type\":\"SearchAction\",\"target\":{\"@type\":\"EntryPoint\",\"urlTemplate\":\"https:\\\/\\\/zollquartier.com\\\/cs\\\/?s={search_term_string}\"},\"query-input\":{\"@type\":\"PropertyValueSpecification\",\"valueRequired\":true,\"valueName\":\"search_term_string\"}}],\"inLanguage\":\"cs\"},{\"@type\":\"Organization\",\"@id\":\"https:\\\/\\\/zollquartier.com\\\/cs\\\/#organization\",\"name\":\"Zollquartier\",\"url\":\"https:\\\/\\\/zollquartier.com\\\/cs\\\/\",\"logo\":{\"@type\":\"ImageObject\",\"inLanguage\":\"cs\",\"@id\":\"https:\\\/\\\/zollquartier.com\\\/cs\\\/#\\\/schema\\\/logo\\\/image\\\/\",\"url\":\"https:\\\/\\\/zollquartier.com\\\/wp-content\\\/uploads\\\/2026\\\/03\\\/Logo_ZollquartierClaim_rgb.png\",\"contentUrl\":\"https:\\\/\\\/zollquartier.com\\\/wp-content\\\/uploads\\\/2026\\\/03\\\/Logo_ZollquartierClaim_rgb.png\",\"width\":2531,\"height\":1738,\"caption\":\"Zollquartier\"},\"image\":{\"@id\":\"https:\\\/\\\/zollquartier.com\\\/cs\\\/#\\\/schema\\\/logo\\\/image\\\/\"},\"sameAs\":[\"https:\\\/\\\/www.facebook.com\\\/people\\\/Zollquartier\\\/61585080200485\\\/\",\"https:\\\/\\\/www.instagram.com\\\/zollquartier_schrattenberg\\\/\",\"https:\\\/\\\/at.linkedin.com\\\/company\\\/zollquartier?trk=public_profile_topcard-current-company\"]}]}<\/script>\n<!-- \/ Yoast SEO plugin. -->","yoast_head_json":{"title":"Rodinn\u00e1 dovolen\u00e1 ve Weinviertelu \u2013 Zollquartier Schrattenberg","description":"Apartm\u00e1ny vhodn\u00e9 pro rodiny (40 m\u00b2, a\u017e pro 4 osoby) se zahradou & kuchyn\u00ed. Stezka naboso, z\u00e1mek Lednice & \u010dist\u00e1 p\u0159\u00edroda \u2013 ide\u00e1ln\u00ed pro rodiny s d\u011btmi.","robots":{"index":"index","follow":"follow","max-snippet":"max-snippet:-1","max-image-preview":"max-image-preview:large","max-video-preview":"max-video-preview:-1"},"canonical":"https:\/\/zollquartier.com\/cs\/okoli\/rodinna-dovolena-ve-weinviertelu-apartman-ve-vinici\/","og_locale":"cs_CZ","og_type":"article","og_title":"Rodinn\u00e1 dovolen\u00e1 ve Weinviertelu \u2013 Zollquartier Schrattenberg","og_description":"Apartm\u00e1ny vhodn\u00e9 pro rodiny (40 m\u00b2, a\u017e pro 4 osoby) se zahradou & kuchyn\u00ed. Stezka naboso, z\u00e1mek Lednice & \u010dist\u00e1 p\u0159\u00edroda \u2013 ide\u00e1ln\u00ed pro rodiny s d\u011btmi.","og_url":"https:\/\/zollquartier.com\/cs\/okoli\/rodinna-dovolena-ve-weinviertelu-apartman-ve-vinici\/","og_site_name":"Zollquartier | Grenzenloses Sein &amp; Urlaub im Weinviertel","article_publisher":"https:\/\/www.facebook.com\/people\/Zollquartier\/61585080200485\/","article_modified_time":"2026-03-31T06:45:10+00:00","og_image":[{"width":1024,"height":683,"url":"https:\/\/zollquartier.com\/wp-content\/uploads\/2025\/11\/Kinder-Weinviertel-1024x683.png","type":"image\/png"}],"schema":{"@context":"https:\/\/schema.org","@graph":[{"@type":"WebPage","@id":"https:\/\/zollquartier.com\/cs\/okoli\/rodinna-dovolena-ve-weinviertelu-apartman-ve-vinici\/","url":"https:\/\/zollquartier.com\/cs\/okoli\/rodinna-dovolena-ve-weinviertelu-apartman-ve-vinici\/","name":"Rodinn\u00e1 dovolen\u00e1 ve Weinviertelu \u2013 Zollquartier Schrattenberg","isPartOf":{"@id":"https:\/\/zollquartier.com\/cs\/#website"},"primaryImageOfPage":{"@id":"https:\/\/zollquartier.com\/cs\/okoli\/rodinna-dovolena-ve-weinviertelu-apartman-ve-vinici\/#primaryimage"},"image":{"@id":"https:\/\/zollquartier.com\/cs\/okoli\/rodinna-dovolena-ve-weinviertelu-apartman-ve-vinici\/#primaryimage"},"thumbnailUrl":"https:\/\/i0.wp.com\/zollquartier.com\/wp-content\/uploads\/2025\/11\/Kinder-Weinviertel.png?fit=1536%2C1024&ssl=1","datePublished":"2026-02-08T10:29:17+00:00","dateModified":"2026-03-31T06:45:10+00:00","description":"Apartm\u00e1ny vhodn\u00e9 pro rodiny (40 m\u00b2, a\u017e pro 4 osoby) se zahradou & kuchyn\u00ed. Stezka naboso, z\u00e1mek Lednice & \u010dist\u00e1 p\u0159\u00edroda \u2013 ide\u00e1ln\u00ed pro rodiny s d\u011btmi.","breadcrumb":{"@id":"https:\/\/zollquartier.com\/cs\/okoli\/rodinna-dovolena-ve-weinviertelu-apartman-ve-vinici\/#breadcrumb"},"inLanguage":"cs","potentialAction":[{"@type":"ReadAction","target":["https:\/\/zollquartier.com\/cs\/okoli\/rodinna-dovolena-ve-weinviertelu-apartman-ve-vinici\/"]}]},{"@type":"ImageObject","inLanguage":"cs","@id":"https:\/\/zollquartier.com\/cs\/okoli\/rodinna-dovolena-ve-weinviertelu-apartman-ve-vinici\/#primaryimage","url":"https:\/\/i0.wp.com\/zollquartier.com\/wp-content\/uploads\/2025\/11\/Kinder-Weinviertel.png?fit=1536%2C1024&ssl=1","contentUrl":"https:\/\/i0.wp.com\/zollquartier.com\/wp-content\/uploads\/2025\/11\/Kinder-Weinviertel.png?fit=1536%2C1024&ssl=1","width":1536,"height":1024,"caption":"Zwei lachende Kinder laufen im warmen Sonnenuntergangslicht unbeschwert \u00fcber eine Wiese."},{"@type":"BreadcrumbList","@id":"https:\/\/zollquartier.com\/cs\/okoli\/rodinna-dovolena-ve-weinviertelu-apartman-ve-vinici\/#breadcrumb","itemListElement":[{"@type":"ListItem","position":1,"name":"Start","item":"https:\/\/zollquartier.com\/cs\/"},{"@type":"ListItem","position":2,"name":"Bezhrani\u010dn\u00ed OBJEVOV\u00c1N\u00cd","item":"https:\/\/zollquartier.com\/cs\/okoli\/"},{"@type":"ListItem","position":3,"name":"Rodinn\u00fd \u010das ve Weinviertelu"}]},{"@type":"WebSite","@id":"https:\/\/zollquartier.com\/cs\/#website","url":"https:\/\/zollquartier.com\/cs\/","name":"Zollquartier Schrattenberg | grenzenloses sein","description":"Willkommen im Zollquartier! Entfliehe dem Alltag und genie\u00dfe moderne Ferienwohnungen, regionale Weine und pure Natur an der Grenze. Jetzt Auszeit anfragen!","publisher":{"@id":"https:\/\/zollquartier.com\/cs\/#organization"},"potentialAction":[{"@type":"SearchAction","target":{"@type":"EntryPoint","urlTemplate":"https:\/\/zollquartier.com\/cs\/?s={search_term_string}"},"query-input":{"@type":"PropertyValueSpecification","valueRequired":true,"valueName":"search_term_string"}}],"inLanguage":"cs"},{"@type":"Organization","@id":"https:\/\/zollquartier.com\/cs\/#organization","name":"Zollquartier","url":"https:\/\/zollquartier.com\/cs\/","logo":{"@type":"ImageObject","inLanguage":"cs","@id":"https:\/\/zollquartier.com\/cs\/#\/schema\/logo\/image\/","url":"https:\/\/zollquartier.com\/wp-content\/uploads\/2026\/03\/Logo_ZollquartierClaim_rgb.png","contentUrl":"https:\/\/zollquartier.com\/wp-content\/uploads\/2026\/03\/Logo_ZollquartierClaim_rgb.png","width":2531,"height":1738,"caption":"Zollquartier"},"image":{"@id":"https:\/\/zollquartier.com\/cs\/#\/schema\/logo\/image\/"},"sameAs":["https:\/\/www.facebook.com\/people\/Zollquartier\/61585080200485\/","https:\/\/www.instagram.com\/zollquartier_schrattenberg\/","https:\/\/at.linkedin.com\/company\/zollquartier?trk=public_profile_topcard-current-company"]}]}},"jetpack_likes_enabled":true,"jetpack_sharing_enabled":true,"jetpack_shortlink":"https:\/\/wp.me\/PgRDZ4-63","jetpack-related-posts":[{"id":367,"url":"https:\/\/zollquartier.com\/cs\/okoli\/cyklisticka-dovolena-ve-weinviertelu-zollquartier-na-trase-iron-curtain-trail\/","url_meta":{"origin":375,"position":0},"title":"Cyklistika bez hranic","author":"pascal5061037667","date":"08.02.2026","format":false,"excerpt":"","rel":"","context":"Podobn\u00fd p\u0159\u00edsp\u011bvek","block_context":{"text":"Podobn\u00fd p\u0159\u00edsp\u011bvek","link":""},"img":{"alt_text":"Zwei Radfahrer fahren auf einem Feldweg entspannt in den stimmungsvollen Sonnenuntergang.","src":"https:\/\/i0.wp.com\/zollquartier.com\/wp-content\/uploads\/2025\/11\/Radurlaub-Bild-1.png?fit=1200%2C900&ssl=1&resize=350%2C200","width":350,"height":200,"srcset":"https:\/\/i0.wp.com\/zollquartier.com\/wp-content\/uploads\/2025\/11\/Radurlaub-Bild-1.png?fit=1200%2C900&ssl=1&resize=350%2C200 1x, https:\/\/i0.wp.com\/zollquartier.com\/wp-content\/uploads\/2025\/11\/Radurlaub-Bild-1.png?fit=1200%2C900&ssl=1&resize=525%2C300 1.5x, https:\/\/i0.wp.com\/zollquartier.com\/wp-content\/uploads\/2025\/11\/Radurlaub-Bild-1.png?fit=1200%2C900&ssl=1&resize=700%2C400 2x, https:\/\/i0.wp.com\/zollquartier.com\/wp-content\/uploads\/2025\/11\/Radurlaub-Bild-1.png?fit=1200%2C900&ssl=1&resize=1050%2C600 3x"},"classes":[]},{"id":361,"url":"https:\/\/zollquartier.com\/cs\/okoli\/","url_meta":{"origin":375,"position":1},"title":"Bezhrani\u010dn\u00ed OBJEVOV\u00c1N\u00cd","author":"pascal5061037667","date":"04.11.2025","format":false,"excerpt":"Weinviertel a Ji\u017en\u00ed Morava","rel":"","context":"Podobn\u00fd p\u0159\u00edsp\u011bvek","block_context":{"text":"Podobn\u00fd p\u0159\u00edsp\u011bvek","link":""},"img":{"alt_text":"Udr\u017eovan\u00e9 \u0159ady r\u00e9vy ve slunn\u00e9 vinici pobl\u00ed\u017e Zollquartier.","src":"https:\/\/i0.wp.com\/zollquartier.com\/wp-content\/uploads\/2026\/01\/zollhaus_weingarten.jpg?fit=1200%2C800&ssl=1&resize=350%2C200","width":350,"height":200,"srcset":"https:\/\/i0.wp.com\/zollquartier.com\/wp-content\/uploads\/2026\/01\/zollhaus_weingarten.jpg?fit=1200%2C800&ssl=1&resize=350%2C200 1x, https:\/\/i0.wp.com\/zollquartier.com\/wp-content\/uploads\/2026\/01\/zollhaus_weingarten.jpg?fit=1200%2C800&ssl=1&resize=525%2C300 1.5x, https:\/\/i0.wp.com\/zollquartier.com\/wp-content\/uploads\/2026\/01\/zollhaus_weingarten.jpg?fit=1200%2C800&ssl=1&resize=700%2C400 2x, https:\/\/i0.wp.com\/zollquartier.com\/wp-content\/uploads\/2026\/01\/zollhaus_weingarten.jpg?fit=1200%2C800&ssl=1&resize=1050%2C600 3x"},"classes":[]},{"id":373,"url":"https:\/\/zollquartier.com\/cs\/okoli\/vinna-cesta-do-weinviertelu-prazdninovy-apartman-uprostred-vinic\/","url_meta":{"origin":375,"position":2},"title":"Bezmezn\u00fd PO\u017dITEK","author":"pascal5061037667","date":"22.01.2026","format":false,"excerpt":"Va\u0161e vinn\u00e1 dovolen\u00e1 ve Weinviertelu","rel":"","context":"Podobn\u00fd p\u0159\u00edsp\u011bvek","block_context":{"text":"Podobn\u00fd p\u0159\u00edsp\u011bvek","link":""},"img":{"alt_text":"Eine wohlverdiente Pause bei einer Radtour mit einem Glas Wei\u00dfwein und Blick auf die Weinberge.","src":"https:\/\/i0.wp.com\/zollquartier.com\/wp-content\/uploads\/2026\/03\/Radurlaub-Bild-2.png?fit=1200%2C800&ssl=1&resize=350%2C200","width":350,"height":200,"srcset":"https:\/\/i0.wp.com\/zollquartier.com\/wp-content\/uploads\/2026\/03\/Radurlaub-Bild-2.png?fit=1200%2C800&ssl=1&resize=350%2C200 1x, https:\/\/i0.wp.com\/zollquartier.com\/wp-content\/uploads\/2026\/03\/Radurlaub-Bild-2.png?fit=1200%2C800&ssl=1&resize=525%2C300 1.5x, https:\/\/i0.wp.com\/zollquartier.com\/wp-content\/uploads\/2026\/03\/Radurlaub-Bild-2.png?fit=1200%2C800&ssl=1&resize=700%2C400 2x, https:\/\/i0.wp.com\/zollquartier.com\/wp-content\/uploads\/2026\/03\/Radurlaub-Bild-2.png?fit=1200%2C800&ssl=1&resize=1050%2C600 3x"},"classes":[]},{"id":188,"url":"https:\/\/zollquartier.com\/umgebung\/familienzeit-im-weinviertel\/","url_meta":{"origin":375,"position":3},"title":"Familienzeit im Weinviertel","author":"pascal5061037667","date":"08.02.2026","format":false,"excerpt":"","rel":"","context":"Podobn\u00fd p\u0159\u00edsp\u011bvek","block_context":{"text":"Podobn\u00fd p\u0159\u00edsp\u011bvek","link":""},"img":{"alt_text":"Zwei lachende Kinder laufen im warmen Sonnenuntergangslicht unbeschwert \u00fcber eine Wiese.","src":"https:\/\/i0.wp.com\/zollquartier.com\/wp-content\/uploads\/2025\/11\/Kinder-Weinviertel.png?fit=1200%2C800&ssl=1&resize=350%2C200","width":350,"height":200,"srcset":"https:\/\/i0.wp.com\/zollquartier.com\/wp-content\/uploads\/2025\/11\/Kinder-Weinviertel.png?fit=1200%2C800&ssl=1&resize=350%2C200 1x, https:\/\/i0.wp.com\/zollquartier.com\/wp-content\/uploads\/2025\/11\/Kinder-Weinviertel.png?fit=1200%2C800&ssl=1&resize=525%2C300 1.5x, https:\/\/i0.wp.com\/zollquartier.com\/wp-content\/uploads\/2025\/11\/Kinder-Weinviertel.png?fit=1200%2C800&ssl=1&resize=700%2C400 2x, https:\/\/i0.wp.com\/zollquartier.com\/wp-content\/uploads\/2025\/11\/Kinder-Weinviertel.png?fit=1200%2C800&ssl=1&resize=1050%2C600 3x"},"classes":[]},{"id":364,"url":"https:\/\/zollquartier.com\/en\/region\/family-vacation-in-weinviertel-holiday-apartment-in-the-vineyard\/","url_meta":{"origin":375,"position":4},"title":"Family time in the Weinviertel","author":"pascal5061037667","date":"08.02.2026","format":false,"excerpt":"","rel":"","context":"Podobn\u00fd p\u0159\u00edsp\u011bvek","block_context":{"text":"Podobn\u00fd p\u0159\u00edsp\u011bvek","link":""},"img":{"alt_text":"Zwei lachende Kinder laufen im warmen Sonnenuntergangslicht unbeschwert \u00fcber eine Wiese.","src":"https:\/\/i0.wp.com\/zollquartier.com\/wp-content\/uploads\/2025\/11\/Kinder-Weinviertel.png?fit=1200%2C800&ssl=1&resize=350%2C200","width":350,"height":200,"srcset":"https:\/\/i0.wp.com\/zollquartier.com\/wp-content\/uploads\/2025\/11\/Kinder-Weinviertel.png?fit=1200%2C800&ssl=1&resize=350%2C200 1x, https:\/\/i0.wp.com\/zollquartier.com\/wp-content\/uploads\/2025\/11\/Kinder-Weinviertel.png?fit=1200%2C800&ssl=1&resize=525%2C300 1.5x, https:\/\/i0.wp.com\/zollquartier.com\/wp-content\/uploads\/2025\/11\/Kinder-Weinviertel.png?fit=1200%2C800&ssl=1&resize=700%2C400 2x, https:\/\/i0.wp.com\/zollquartier.com\/wp-content\/uploads\/2025\/11\/Kinder-Weinviertel.png?fit=1200%2C800&ssl=1&resize=1050%2C600 3x"},"classes":[]},{"id":360,"url":"https:\/\/zollquartier.com\/cs\/okoli\/utek-z-mesta-do-weinviertelu-pryc-z-mesta-rovnou-do-prirody\/","url_meta":{"origin":375,"position":5},"title":"P\u0159ije\u010fte. Nadechn\u011bte se. Bu\u010fte.","author":"pascal5061037667","date":"08.02.2026","format":false,"excerpt":"","rel":"","context":"Podobn\u00fd p\u0159\u00edsp\u011bvek","block_context":{"text":"Podobn\u00fd p\u0159\u00edsp\u011bvek","link":""},"img":{"alt_text":"Zwei gem\u00fctliche St\u00fchle an einem Tisch unter einem gro\u00dfen Baum mit weitem Panoramablick \u00fcber die Weinberge.","src":"https:\/\/i0.wp.com\/zollquartier.com\/wp-content\/uploads\/2026\/03\/Weinreise-2.png?fit=1200%2C800&ssl=1&resize=350%2C200","width":350,"height":200,"srcset":"https:\/\/i0.wp.com\/zollquartier.com\/wp-content\/uploads\/2026\/03\/Weinreise-2.png?fit=1200%2C800&ssl=1&resize=350%2C200 1x, https:\/\/i0.wp.com\/zollquartier.com\/wp-content\/uploads\/2026\/03\/Weinreise-2.png?fit=1200%2C800&ssl=1&resize=525%2C300 1.5x, https:\/\/i0.wp.com\/zollquartier.com\/wp-content\/uploads\/2026\/03\/Weinreise-2.png?fit=1200%2C800&ssl=1&resize=700%2C400 2x, https:\/\/i0.wp.com\/zollquartier.com\/wp-content\/uploads\/2026\/03\/Weinreise-2.png?fit=1200%2C800&ssl=1&resize=1050%2C600 3x"},"classes":[]}],"_links":{"self":[{"href":"https:\/\/zollquartier.com\/cs\/wp-json\/wp\/v2\/pages\/375","targetHints":{"allow":["GET"]}}],"collection":[{"href":"https:\/\/zollquartier.com\/cs\/wp-json\/wp\/v2\/pages"}],"about":[{"href":"https:\/\/zollquartier.com\/cs\/wp-json\/wp\/v2\/types\/page"}],"author":[{"embeddable":true,"href":"https:\/\/zollquartier.com\/cs\/wp-json\/wp\/v2\/users\/272525646"}],"replies":[{"embeddable":true,"href":"https:\/\/zollquartier.com\/cs\/wp-json\/wp\/v2\/comments?post=375"}],"version-history":[{"count":3,"href":"https:\/\/zollquartier.com\/cs\/wp-json\/wp\/v2\/pages\/375\/revisions"}],"predecessor-version":[{"id":1254,"href":"https:\/\/zollquartier.com\/cs\/wp-json\/wp\/v2\/pages\/375\/revisions\/1254"}],"up":[{"embeddable":true,"href":"https:\/\/zollquartier.com\/cs\/wp-json\/wp\/v2\/pages\/361"}],"wp:featuredmedia":[{"embeddable":true,"href":"https:\/\/zollquartier.com\/cs\/wp-json\/wp\/v2\/media\/1075"}],"wp:attachment":[{"href":"https:\/\/zollquartier.com\/cs\/wp-json\/wp\/v2\/media?parent=375"}],"curies":[{"name":"wp","href":"https:\/\/api.w.org\/{rel}","templated":true}]}}