{"id":1237,"date":"2026-03-20T16:29:55","date_gmt":"2026-03-20T15:29:55","guid":{"rendered":"https:\/\/zollquartier.com\/bezhranicni-minulost\/"},"modified":"2026-04-02T17:25:36","modified_gmt":"2026-04-02T15:25:36","slug":"bezhranicni-minulost","status":"publish","type":"page","link":"https:\/\/zollquartier.com\/cs\/bezhranicni-minulost\/","title":{"rendered":"Bezhrani\u010dn\u00ed MINULOST"},"content":{"rendered":"\n<h2 class=\"wp-block-heading\">Test<\/h2>\n\n<p class=\"wp-block-paragraph\">Lorem ipsum dolorfhfhnsectetur adipiscing elit. Ut elit tellus, luctus nec ullamcorper mattis, pulvinar dapibus leo. <\/p>\n","protected":false},"excerpt":{"rendered":"<p>Historie domu<\/p>\n","protected":false},"author":272525646,"featured_media":1480,"parent":0,"menu_order":0,"comment_status":"closed","ping_status":"closed","template":"geschichte","meta":{"_acf_changed":false,"_crdt_document":"{\"document\":\"AAAFzJiwMh4YCCqsCCYBBBACAQIKAkJKABoBAgoCQkp0ADEoAycABAAnAAQAJwAEACgEJwAoBicABwAoAycBBAAoACcAhwAoAycBBAAoACcAKAGo6wesB3N0YXRldmVyc2lvbmRvY3VtZW50ZGF0ZWRvY3VtZW50c2x1Z2RvY3VtZW50c3RhdHVzZG9jdW1lbnR0aXRsZUJlemhyYW5pxI1uw60gTUlOVUxPU1Rkb2N1bWVudGNvbnRlbnQ8IS0tIHdwOmhlYWRpbmcgLS0+CjxoMiBjbGFzcz0id3AtYmxvY2staGVhZGluZyI+VGVzdDwvaDI+CjwhLS0gL3dwOmhlYWRpbmcgLS0+PCEtLSB3cDpwYXJhZ3JhcGggeyJ0cmFuc2xhdGVkV2l0aFdQTUxUTSI6IjEifSAtLT4KPHA+TG9yZW0gaXBzdW0gZG9sb3JmaGZobnNlY3RldHVyIGFkaXBpc2NpbmcgZWxpdC4gVXQgZWxpdCB0ZWxsdXMsIGx1Y3R1cyBuZWMgdWxsYW1jb3JwZXIgbWF0dGlzLCBwdWx2aW5hciBkYXBpYnVzIGxlby4gPC9wPgo8IS0tIC93cDpwYXJhZ3JhcGggLS0+ZG9jdW1lbnRleGNlcnB0SGlzdG9yaWUgZG9tdWRvY3VtZW50YXV0aG9yZG9jdW1lbnRmZWF0dXJlZF9tZWRpYWRvY3VtZW50Y29tbWVudF9zdGF0dXNkb2N1bWVudHBpbmdfc3RhdHVzZG9jdW1lbnR0ZW1wbGF0ZWRvY3VtZW50bWV0YV9hY2ZfY2hhbmdlZGpldHBhY2tfcG9zdF93YXNfZXZlcl9wdWJsaXNoZWRmb290bm90ZXNfZWxlbWVudG9yX2VkaXRfbW9kZV9lbGVtZW50b3JfdGVtcGxhdGVfdHlwZV9lbGVtZW50b3JfZGF0YV9lbGVtZW50b3JfcGFnZV9zZXR0aW5nc2RvY3VtZW50YmxvY2tzY2xpZW50SWRpc1ZhbGlkb3JpZ2luYWxDb250ZW50bmFtZWF0dHJpYnV0ZXNjb250ZW50VGVzdGxldmVsaW5uZXJCbG9ja3NjbGllbnRJZGlzVmFsaWRvcmlnaW5hbENvbnRlbnRuYW1lYXR0cmlidXRlc2NvbnRlbnRMb3JlbSBpcHN1bSBkb2xvcmZoZmhuc2VjdGV0dXIgYWRpcGlzY2luZyBlbGl0LiBVdCBlbGl0IHRlbGx1cywgbHVjdHVzIG5lYyB1bGxhbWNvcnBlciBtYXR0aXMsIHB1bHZpbmFyIGRhcGlidXMgbGVvLiBkcm9wQ2FwaW5uZXJCbG9ja3NzdGF0ZXNhdmVkQXRzdGF0ZXNhdmVkQnkFBwgECAQIBggFFAgHlQQIBw0IBggOCA4IC0gBBAwfCRQYDxgIBggHDwQKBwQFCwgHDwQKB7UBBwsFBwUHFQEEAAABAAAAAQAAAAEFAAYBAAASAQxCAQEAQQACAEEAAgACQRsBLwB9AXcTMjAyNi0wMy0yMFQxNjoyOTo1NXcUYmV6aHJhbmljbmktbWludWxvc3R3B3B1Ymxpc2h9jqXzgwJ9sRB3BmNsb3NlZHcGY2xvc2VkdwpnZXNjaGljaHRleXl3AHcAdwd3cC1wYWdld6IFW3siaWQiOiJiNWUwYTY0IiwiZWxUeXBlIjoiY29udGFpbmVyIiwic2V0dGluZ3MiOnsiZmxleF9kaXJlY3Rpb24iOiJyb3ciLCJmbGV4X2dhcCI6eyJ1bml0IjoicHgiLCJzaXplIjowLCJjb2x1bW4iOiIwIiwicm93IjoiMCJ9fSwiZWxlbWVudHMiOlt7ImlkIjoiYTFjYjY2OSIsImVsVHlwZSI6ImNvbnRhaW5lciIsInNldHRpbmdzIjp7ImZsZXhfZGlyZWN0aW9uIjoiY29sdW1uIiwiY29udGVudF93aWR0aCI6ImZ1bGwiLCJ3aWR0aCI6eyJ1bml0IjoiJSIsInNpemUiOiI1MCJ9fSwiZWxlbWVudHMiOlt7ImlkIjoiZGJlODY4MSIsImVsVHlwZSI6IndpZGdldCIsInNldHRpbmdzIjp7InRpdGxlIjoiVGVzdCJ9LCJlbGVtZW50cyI6W10sIndpZGdldFR5cGUiOiJoZWFkaW5nIn1dLCJpc0lubmVyIjp0cnVlfSx7ImlkIjoiMWE0YTY3OSIsImVsVHlwZSI6IndpZGdldCIsInNldHRpbmdzIjpbXSwiZWxlbWVudHMiOltdLCJ3aWRnZXRUeXBlIjoidGV4dC1lZGl0b3IifSx7ImlkIjoiOWM0NGQ1MSIsImVsVHlwZSI6ImNvbnRhaW5lciIsInNldHRpbmdzIjp7ImZsZXhfZGlyZWN0aW9uIjoiY29sdW1uIiwiY29udGVudF93aWR0aCI6ImZ1bGwiLCJ3aWR0aCI6eyJ1bml0IjoiJSIsInNpemUiOiI1MCJ9fSwiZWxlbWVudHMiOltdLCJpc0lubmVyIjp0cnVlfV0sImlzSW5uZXIiOmZhbHNlfV11AHckMDMyZGE1MzUtNzA0Zi00ZTRlLWI3NzAtYmJlMzVkOTE4YjQ0eHcmPGgyIGNsYXNzPSJ3cC1ibG9jay1oZWFkaW5nIj5UZXN0PC9oMj53DGNvcmUvaGVhZGluZ30CdyQ5OGU0MmExNi00ZDI1LTRmN2UtODJkYS1jNWQyNWMwM2E4YTJ4d3w8cD5Mb3JlbSBpcHN1bSBkb2xvcmZoZmhuc2VjdGV0dXIgYWRpcGlzY2luZyBlbGl0LiBVdCBlbGl0IHRlbGx1cywgbHVjdHVzIG5lYyB1bGxhbWNvcnBlciBtYXR0aXMsIHB1bHZpbmFyIGRhcGlidXMgbGVvLiA8L3A+dw5jb3JlL3BhcmFncmFwaHl7QnnU7Lhf0AB9jJiwMn2IFwGMjJgZAb4CAA==\",\"updateId\":620954147}","footnotes":""},"class_list":["post-1237","page","type-page","status-publish","has-post-thumbnail","hentry"],"acf":[],"yoast_head":"<!-- This site is optimized with the Yoast SEO plugin v27.4 - https:\/\/yoast.com\/product\/yoast-seo-wordpress\/ -->\n<title>Historie Zollquartier Schrattenberg<\/title>\n<meta name=\"description\" content=\"Z historick\u00e9 celnice na rakousko-\u010desk\u00e9 hranici se stalo m\u00edsto pro odpo\u010dinek a pohodu. Poznejte jedine\u010dnou historii Zollquartier.\" \/>\n<meta name=\"robots\" content=\"index, follow, max-snippet:-1, max-image-preview:large, max-video-preview:-1\" \/>\n<link rel=\"canonical\" href=\"https:\/\/zollquartier.com\/cs\/bezhranicni-minulost\/\" \/>\n<meta property=\"og:locale\" content=\"cs_CZ\" \/>\n<meta property=\"og:type\" content=\"article\" \/>\n<meta property=\"og:title\" content=\"Historie Zollquartier Schrattenberg\" \/>\n<meta property=\"og:description\" content=\"Z historick\u00e9 celnice na rakousko-\u010desk\u00e9 hranici se stalo m\u00edsto pro odpo\u010dinek a pohodu. Poznejte jedine\u010dnou historii Zollquartier.\" \/>\n<meta property=\"og:url\" content=\"https:\/\/zollquartier.com\/cs\/bezhranicni-minulost\/\" \/>\n<meta property=\"og:site_name\" content=\"Zollquartier | Grenzenloses Sein &amp; Urlaub im Weinviertel\" \/>\n<meta property=\"article:publisher\" content=\"https:\/\/www.facebook.com\/people\/Zollquartier\/61585080200485\/\" \/>\n<meta property=\"article:modified_time\" content=\"2026-04-02T15:25:36+00:00\" \/>\n<meta property=\"og:image\" content=\"https:\/\/zollquartier.com\/wp-content\/uploads\/2026\/04\/Zollquartier_Schrattenberg.webp\" \/>\n\t<meta property=\"og:image:width\" content=\"1800\" \/>\n\t<meta property=\"og:image:height\" content=\"1050\" \/>\n\t<meta property=\"og:image:type\" content=\"image\/webp\" \/>\n<meta name=\"twitter:label1\" content=\"Odhadovan\u00e1 doba \u010dten\u00ed\" \/>\n\t<meta name=\"twitter:data1\" content=\"1 minuta\" \/>\n<script type=\"application\/ld+json\" class=\"yoast-schema-graph\">{\"@context\":\"https:\\\/\\\/schema.org\",\"@graph\":[{\"@type\":\"WebPage\",\"@id\":\"https:\\\/\\\/zollquartier.com\\\/cs\\\/bezhranicni-minulost\\\/\",\"url\":\"https:\\\/\\\/zollquartier.com\\\/cs\\\/bezhranicni-minulost\\\/\",\"name\":\"Historie Zollquartier Schrattenberg\",\"isPartOf\":{\"@id\":\"https:\\\/\\\/zollquartier.com\\\/cs\\\/#website\"},\"primaryImageOfPage\":{\"@id\":\"https:\\\/\\\/zollquartier.com\\\/cs\\\/bezhranicni-minulost\\\/#primaryimage\"},\"image\":{\"@id\":\"https:\\\/\\\/zollquartier.com\\\/cs\\\/bezhranicni-minulost\\\/#primaryimage\"},\"thumbnailUrl\":\"https:\\\/\\\/i0.wp.com\\\/zollquartier.com\\\/wp-content\\\/uploads\\\/2026\\\/04\\\/Zollquartier_Schrattenberg.webp?fit=1800%2C1050&ssl=1\",\"datePublished\":\"2026-03-20T15:29:55+00:00\",\"dateModified\":\"2026-04-02T15:25:36+00:00\",\"description\":\"Z historick\u00e9 celnice na rakousko-\u010desk\u00e9 hranici se stalo m\u00edsto pro odpo\u010dinek a pohodu. Poznejte jedine\u010dnou historii Zollquartier.\",\"breadcrumb\":{\"@id\":\"https:\\\/\\\/zollquartier.com\\\/cs\\\/bezhranicni-minulost\\\/#breadcrumb\"},\"inLanguage\":\"cs\",\"potentialAction\":[{\"@type\":\"ReadAction\",\"target\":[\"https:\\\/\\\/zollquartier.com\\\/cs\\\/bezhranicni-minulost\\\/\"]}]},{\"@type\":\"ImageObject\",\"inLanguage\":\"cs\",\"@id\":\"https:\\\/\\\/zollquartier.com\\\/cs\\\/bezhranicni-minulost\\\/#primaryimage\",\"url\":\"https:\\\/\\\/i0.wp.com\\\/zollquartier.com\\\/wp-content\\\/uploads\\\/2026\\\/04\\\/Zollquartier_Schrattenberg.webp?fit=1800%2C1050&ssl=1\",\"contentUrl\":\"https:\\\/\\\/i0.wp.com\\\/zollquartier.com\\\/wp-content\\\/uploads\\\/2026\\\/04\\\/Zollquartier_Schrattenberg.webp?fit=1800%2C1050&ssl=1\",\"width\":1800,\"height\":1050,\"caption\":\"Nahaufnahme der einladenden Fassade des Zollquartiers, ideal f\u00fcr einen erholsamen Aufenthalt.\"},{\"@type\":\"BreadcrumbList\",\"@id\":\"https:\\\/\\\/zollquartier.com\\\/cs\\\/bezhranicni-minulost\\\/#breadcrumb\",\"itemListElement\":[{\"@type\":\"ListItem\",\"position\":1,\"name\":\"Start\",\"item\":\"https:\\\/\\\/zollquartier.com\\\/cs\\\/\"},{\"@type\":\"ListItem\",\"position\":2,\"name\":\"Bezhrani\u010dn\u00ed MINULOST\"}]},{\"@type\":\"WebSite\",\"@id\":\"https:\\\/\\\/zollquartier.com\\\/cs\\\/#website\",\"url\":\"https:\\\/\\\/zollquartier.com\\\/cs\\\/\",\"name\":\"Zollquartier Schrattenberg | grenzenloses sein\",\"description\":\"Willkommen im Zollquartier! Entfliehe dem Alltag und genie\u00dfe moderne Ferienwohnungen, regionale Weine und pure Natur an der Grenze. Jetzt Auszeit anfragen!\",\"publisher\":{\"@id\":\"https:\\\/\\\/zollquartier.com\\\/cs\\\/#organization\"},\"potentialAction\":[{\"@type\":\"SearchAction\",\"target\":{\"@type\":\"EntryPoint\",\"urlTemplate\":\"https:\\\/\\\/zollquartier.com\\\/cs\\\/?s={search_term_string}\"},\"query-input\":{\"@type\":\"PropertyValueSpecification\",\"valueRequired\":true,\"valueName\":\"search_term_string\"}}],\"inLanguage\":\"cs\"},{\"@type\":\"Organization\",\"@id\":\"https:\\\/\\\/zollquartier.com\\\/cs\\\/#organization\",\"name\":\"Zollquartier\",\"url\":\"https:\\\/\\\/zollquartier.com\\\/cs\\\/\",\"logo\":{\"@type\":\"ImageObject\",\"inLanguage\":\"cs\",\"@id\":\"https:\\\/\\\/zollquartier.com\\\/cs\\\/#\\\/schema\\\/logo\\\/image\\\/\",\"url\":\"https:\\\/\\\/zollquartier.com\\\/wp-content\\\/uploads\\\/2026\\\/03\\\/Logo_ZollquartierClaim_rgb.png\",\"contentUrl\":\"https:\\\/\\\/zollquartier.com\\\/wp-content\\\/uploads\\\/2026\\\/03\\\/Logo_ZollquartierClaim_rgb.png\",\"width\":2531,\"height\":1738,\"caption\":\"Zollquartier\"},\"image\":{\"@id\":\"https:\\\/\\\/zollquartier.com\\\/cs\\\/#\\\/schema\\\/logo\\\/image\\\/\"},\"sameAs\":[\"https:\\\/\\\/www.facebook.com\\\/people\\\/Zollquartier\\\/61585080200485\\\/\",\"https:\\\/\\\/www.instagram.com\\\/zollquartier_schrattenberg\\\/\",\"https:\\\/\\\/at.linkedin.com\\\/company\\\/zollquartier?trk=public_profile_topcard-current-company\"]}]}<\/script>\n<!-- \/ Yoast SEO plugin. -->","yoast_head_json":{"title":"Historie Zollquartier Schrattenberg","description":"Z historick\u00e9 celnice na rakousko-\u010desk\u00e9 hranici se stalo m\u00edsto pro odpo\u010dinek a pohodu. Poznejte jedine\u010dnou historii Zollquartier.","robots":{"index":"index","follow":"follow","max-snippet":"max-snippet:-1","max-image-preview":"max-image-preview:large","max-video-preview":"max-video-preview:-1"},"canonical":"https:\/\/zollquartier.com\/cs\/bezhranicni-minulost\/","og_locale":"cs_CZ","og_type":"article","og_title":"Historie Zollquartier Schrattenberg","og_description":"Z historick\u00e9 celnice na rakousko-\u010desk\u00e9 hranici se stalo m\u00edsto pro odpo\u010dinek a pohodu. Poznejte jedine\u010dnou historii Zollquartier.","og_url":"https:\/\/zollquartier.com\/cs\/bezhranicni-minulost\/","og_site_name":"Zollquartier | Grenzenloses Sein &amp; Urlaub im Weinviertel","article_publisher":"https:\/\/www.facebook.com\/people\/Zollquartier\/61585080200485\/","article_modified_time":"2026-04-02T15:25:36+00:00","og_image":[{"width":1800,"height":1050,"url":"https:\/\/zollquartier.com\/wp-content\/uploads\/2026\/04\/Zollquartier_Schrattenberg.webp","type":"image\/webp"}],"twitter_misc":{"Odhadovan\u00e1 doba \u010dten\u00ed":"1 minuta"},"schema":{"@context":"https:\/\/schema.org","@graph":[{"@type":"WebPage","@id":"https:\/\/zollquartier.com\/cs\/bezhranicni-minulost\/","url":"https:\/\/zollquartier.com\/cs\/bezhranicni-minulost\/","name":"Historie Zollquartier Schrattenberg","isPartOf":{"@id":"https:\/\/zollquartier.com\/cs\/#website"},"primaryImageOfPage":{"@id":"https:\/\/zollquartier.com\/cs\/bezhranicni-minulost\/#primaryimage"},"image":{"@id":"https:\/\/zollquartier.com\/cs\/bezhranicni-minulost\/#primaryimage"},"thumbnailUrl":"https:\/\/i0.wp.com\/zollquartier.com\/wp-content\/uploads\/2026\/04\/Zollquartier_Schrattenberg.webp?fit=1800%2C1050&ssl=1","datePublished":"2026-03-20T15:29:55+00:00","dateModified":"2026-04-02T15:25:36+00:00","description":"Z historick\u00e9 celnice na rakousko-\u010desk\u00e9 hranici se stalo m\u00edsto pro odpo\u010dinek a pohodu. Poznejte jedine\u010dnou historii Zollquartier.","breadcrumb":{"@id":"https:\/\/zollquartier.com\/cs\/bezhranicni-minulost\/#breadcrumb"},"inLanguage":"cs","potentialAction":[{"@type":"ReadAction","target":["https:\/\/zollquartier.com\/cs\/bezhranicni-minulost\/"]}]},{"@type":"ImageObject","inLanguage":"cs","@id":"https:\/\/zollquartier.com\/cs\/bezhranicni-minulost\/#primaryimage","url":"https:\/\/i0.wp.com\/zollquartier.com\/wp-content\/uploads\/2026\/04\/Zollquartier_Schrattenberg.webp?fit=1800%2C1050&ssl=1","contentUrl":"https:\/\/i0.wp.com\/zollquartier.com\/wp-content\/uploads\/2026\/04\/Zollquartier_Schrattenberg.webp?fit=1800%2C1050&ssl=1","width":1800,"height":1050,"caption":"Nahaufnahme der einladenden Fassade des Zollquartiers, ideal f\u00fcr einen erholsamen Aufenthalt."},{"@type":"BreadcrumbList","@id":"https:\/\/zollquartier.com\/cs\/bezhranicni-minulost\/#breadcrumb","itemListElement":[{"@type":"ListItem","position":1,"name":"Start","item":"https:\/\/zollquartier.com\/cs\/"},{"@type":"ListItem","position":2,"name":"Bezhrani\u010dn\u00ed MINULOST"}]},{"@type":"WebSite","@id":"https:\/\/zollquartier.com\/cs\/#website","url":"https:\/\/zollquartier.com\/cs\/","name":"Zollquartier Schrattenberg | grenzenloses sein","description":"Willkommen im Zollquartier! Entfliehe dem Alltag und genie\u00dfe moderne Ferienwohnungen, regionale Weine und pure Natur an der Grenze. Jetzt Auszeit anfragen!","publisher":{"@id":"https:\/\/zollquartier.com\/cs\/#organization"},"potentialAction":[{"@type":"SearchAction","target":{"@type":"EntryPoint","urlTemplate":"https:\/\/zollquartier.com\/cs\/?s={search_term_string}"},"query-input":{"@type":"PropertyValueSpecification","valueRequired":true,"valueName":"search_term_string"}}],"inLanguage":"cs"},{"@type":"Organization","@id":"https:\/\/zollquartier.com\/cs\/#organization","name":"Zollquartier","url":"https:\/\/zollquartier.com\/cs\/","logo":{"@type":"ImageObject","inLanguage":"cs","@id":"https:\/\/zollquartier.com\/cs\/#\/schema\/logo\/image\/","url":"https:\/\/zollquartier.com\/wp-content\/uploads\/2026\/03\/Logo_ZollquartierClaim_rgb.png","contentUrl":"https:\/\/zollquartier.com\/wp-content\/uploads\/2026\/03\/Logo_ZollquartierClaim_rgb.png","width":2531,"height":1738,"caption":"Zollquartier"},"image":{"@id":"https:\/\/zollquartier.com\/cs\/#\/schema\/logo\/image\/"},"sameAs":["https:\/\/www.facebook.com\/people\/Zollquartier\/61585080200485\/","https:\/\/www.instagram.com\/zollquartier_schrattenberg\/","https:\/\/at.linkedin.com\/company\/zollquartier?trk=public_profile_topcard-current-company"]}]}},"jetpack_likes_enabled":true,"jetpack_sharing_enabled":true,"jetpack_shortlink":"https:\/\/wp.me\/PgRDZ4-jX","jetpack-related-posts":[{"id":62,"url":"https:\/\/zollquartier.com\/quartiere\/","url_meta":{"origin":1237,"position":0},"title":"Grenzenloses WOHNEN","author":"pascal5061037667","date":"16.10.2025","format":false,"excerpt":"Die Quartiere","rel":"","context":"Podobn\u00fd p\u0159\u00edsp\u011bvek","block_context":{"text":"Podobn\u00fd p\u0159\u00edsp\u011bvek","link":""},"img":{"alt_text":"Modernes Schlafzimmer im Zollquartier mit komfortablem Doppelbett und einem gro\u00dffl\u00e4chigen, beruhigenden Naturmotiv an der Wand.","src":"https:\/\/i0.wp.com\/zollquartier.com\/wp-content\/uploads\/2025\/10\/20260310_ZESCH_Zollquartier_Top2_Zimmer2.1.jpg?fit=1200%2C800&ssl=1&resize=350%2C200","width":350,"height":200,"srcset":"https:\/\/i0.wp.com\/zollquartier.com\/wp-content\/uploads\/2025\/10\/20260310_ZESCH_Zollquartier_Top2_Zimmer2.1.jpg?fit=1200%2C800&ssl=1&resize=350%2C200 1x, https:\/\/i0.wp.com\/zollquartier.com\/wp-content\/uploads\/2025\/10\/20260310_ZESCH_Zollquartier_Top2_Zimmer2.1.jpg?fit=1200%2C800&ssl=1&resize=525%2C300 1.5x, https:\/\/i0.wp.com\/zollquartier.com\/wp-content\/uploads\/2025\/10\/20260310_ZESCH_Zollquartier_Top2_Zimmer2.1.jpg?fit=1200%2C800&ssl=1&resize=700%2C400 2x, https:\/\/i0.wp.com\/zollquartier.com\/wp-content\/uploads\/2025\/10\/20260310_ZESCH_Zollquartier_Top2_Zimmer2.1.jpg?fit=1200%2C800&ssl=1&resize=1050%2C600 3x"},"classes":[]},{"id":377,"url":"https:\/\/zollquartier.com\/en\/accommodation\/","url_meta":{"origin":1237,"position":1},"title":"Borderless LIVING","author":"pascal5061037667","date":"16.10.2025","format":false,"excerpt":"The Accommodations","rel":"","context":"Podobn\u00fd p\u0159\u00edsp\u011bvek","block_context":{"text":"Podobn\u00fd p\u0159\u00edsp\u011bvek","link":""},"img":{"alt_text":"Modernes Schlafzimmer im Zollquartier mit komfortablem Doppelbett und einem gro\u00dffl\u00e4chigen, beruhigenden Naturmotiv an der Wand.","src":"https:\/\/i0.wp.com\/zollquartier.com\/wp-content\/uploads\/2025\/10\/20260310_ZESCH_Zollquartier_Top2_Zimmer2.1.jpg?fit=1200%2C800&ssl=1&resize=350%2C200","width":350,"height":200,"srcset":"https:\/\/i0.wp.com\/zollquartier.com\/wp-content\/uploads\/2025\/10\/20260310_ZESCH_Zollquartier_Top2_Zimmer2.1.jpg?fit=1200%2C800&ssl=1&resize=350%2C200 1x, https:\/\/i0.wp.com\/zollquartier.com\/wp-content\/uploads\/2025\/10\/20260310_ZESCH_Zollquartier_Top2_Zimmer2.1.jpg?fit=1200%2C800&ssl=1&resize=525%2C300 1.5x, https:\/\/i0.wp.com\/zollquartier.com\/wp-content\/uploads\/2025\/10\/20260310_ZESCH_Zollquartier_Top2_Zimmer2.1.jpg?fit=1200%2C800&ssl=1&resize=700%2C400 2x, https:\/\/i0.wp.com\/zollquartier.com\/wp-content\/uploads\/2025\/10\/20260310_ZESCH_Zollquartier_Top2_Zimmer2.1.jpg?fit=1200%2C800&ssl=1&resize=1050%2C600 3x"},"classes":[]},{"id":379,"url":"https:\/\/zollquartier.com\/cs\/ubytovani\/","url_meta":{"origin":1237,"position":2},"title":"BYDLEN\u00cd bez hranic","author":"pascal5061037667","date":"16.10.2025","format":false,"excerpt":"Ubytov\u00e1n\u00ed","rel":"","context":"Podobn\u00fd p\u0159\u00edsp\u011bvek","block_context":{"text":"Podobn\u00fd p\u0159\u00edsp\u011bvek","link":""},"img":{"alt_text":"Modernes Schlafzimmer im Zollquartier mit komfortablem Doppelbett und einem gro\u00dffl\u00e4chigen, beruhigenden Naturmotiv an der Wand.","src":"https:\/\/i0.wp.com\/zollquartier.com\/wp-content\/uploads\/2025\/10\/20260310_ZESCH_Zollquartier_Top2_Zimmer2.1.jpg?fit=1200%2C800&ssl=1&resize=350%2C200","width":350,"height":200,"srcset":"https:\/\/i0.wp.com\/zollquartier.com\/wp-content\/uploads\/2025\/10\/20260310_ZESCH_Zollquartier_Top2_Zimmer2.1.jpg?fit=1200%2C800&ssl=1&resize=350%2C200 1x, https:\/\/i0.wp.com\/zollquartier.com\/wp-content\/uploads\/2025\/10\/20260310_ZESCH_Zollquartier_Top2_Zimmer2.1.jpg?fit=1200%2C800&ssl=1&resize=525%2C300 1.5x, https:\/\/i0.wp.com\/zollquartier.com\/wp-content\/uploads\/2025\/10\/20260310_ZESCH_Zollquartier_Top2_Zimmer2.1.jpg?fit=1200%2C800&ssl=1&resize=700%2C400 2x, https:\/\/i0.wp.com\/zollquartier.com\/wp-content\/uploads\/2025\/10\/20260310_ZESCH_Zollquartier_Top2_Zimmer2.1.jpg?fit=1200%2C800&ssl=1&resize=1050%2C600 3x"},"classes":[]},{"id":1234,"url":"https:\/\/zollquartier.com\/en\/boundless-past\/","url_meta":{"origin":1237,"position":3},"title":"Boundless PAST","author":"pascal5061037667","date":"20.03.2026","format":false,"excerpt":"History of the House","rel":"","context":"Podobn\u00fd p\u0159\u00edsp\u011bvek","block_context":{"text":"Podobn\u00fd p\u0159\u00edsp\u011bvek","link":""},"img":{"alt_text":"Nahaufnahme der einladenden Fassade des Zollquartiers, ideal f\u00fcr einen erholsamen Aufenthalt.","src":"https:\/\/i0.wp.com\/zollquartier.com\/wp-content\/uploads\/2026\/04\/Zollquartier_Schrattenberg.webp?fit=1200%2C700&ssl=1&resize=350%2C200","width":350,"height":200,"srcset":"https:\/\/i0.wp.com\/zollquartier.com\/wp-content\/uploads\/2026\/04\/Zollquartier_Schrattenberg.webp?fit=1200%2C700&ssl=1&resize=350%2C200 1x, https:\/\/i0.wp.com\/zollquartier.com\/wp-content\/uploads\/2026\/04\/Zollquartier_Schrattenberg.webp?fit=1200%2C700&ssl=1&resize=525%2C300 1.5x, https:\/\/i0.wp.com\/zollquartier.com\/wp-content\/uploads\/2026\/04\/Zollquartier_Schrattenberg.webp?fit=1200%2C700&ssl=1&resize=700%2C400 2x, https:\/\/i0.wp.com\/zollquartier.com\/wp-content\/uploads\/2026\/04\/Zollquartier_Schrattenberg.webp?fit=1200%2C700&ssl=1&resize=1050%2C600 3x"},"classes":[]},{"id":877,"url":"https:\/\/zollquartier.com\/geschichte\/","url_meta":{"origin":1237,"position":4},"title":"Grenzenlose VERGANGENHEIT","author":"pascal5061037667","date":"20.03.2026","format":false,"excerpt":"Geschichte des Hauses","rel":"","context":"Podobn\u00fd p\u0159\u00edsp\u011bvek","block_context":{"text":"Podobn\u00fd p\u0159\u00edsp\u011bvek","link":""},"img":{"alt_text":"Nahaufnahme der einladenden Fassade des Zollquartiers, ideal f\u00fcr einen erholsamen Aufenthalt.","src":"https:\/\/i0.wp.com\/zollquartier.com\/wp-content\/uploads\/2026\/04\/Zollquartier_Schrattenberg.webp?fit=1200%2C700&ssl=1&resize=350%2C200","width":350,"height":200,"srcset":"https:\/\/i0.wp.com\/zollquartier.com\/wp-content\/uploads\/2026\/04\/Zollquartier_Schrattenberg.webp?fit=1200%2C700&ssl=1&resize=350%2C200 1x, https:\/\/i0.wp.com\/zollquartier.com\/wp-content\/uploads\/2026\/04\/Zollquartier_Schrattenberg.webp?fit=1200%2C700&ssl=1&resize=525%2C300 1.5x, https:\/\/i0.wp.com\/zollquartier.com\/wp-content\/uploads\/2026\/04\/Zollquartier_Schrattenberg.webp?fit=1200%2C700&ssl=1&resize=700%2C400 2x, https:\/\/i0.wp.com\/zollquartier.com\/wp-content\/uploads\/2026\/04\/Zollquartier_Schrattenberg.webp?fit=1200%2C700&ssl=1&resize=1050%2C600 3x"},"classes":[]}],"_links":{"self":[{"href":"https:\/\/zollquartier.com\/cs\/wp-json\/wp\/v2\/pages\/1237","targetHints":{"allow":["GET"]}}],"collection":[{"href":"https:\/\/zollquartier.com\/cs\/wp-json\/wp\/v2\/pages"}],"about":[{"href":"https:\/\/zollquartier.com\/cs\/wp-json\/wp\/v2\/types\/page"}],"author":[{"embeddable":true,"href":"https:\/\/zollquartier.com\/cs\/wp-json\/wp\/v2\/users\/272525646"}],"replies":[{"embeddable":true,"href":"https:\/\/zollquartier.com\/cs\/wp-json\/wp\/v2\/comments?post=1237"}],"version-history":[{"count":3,"href":"https:\/\/zollquartier.com\/cs\/wp-json\/wp\/v2\/pages\/1237\/revisions"}],"predecessor-version":[{"id":1481,"href":"https:\/\/zollquartier.com\/cs\/wp-json\/wp\/v2\/pages\/1237\/revisions\/1481"}],"wp:featuredmedia":[{"embeddable":true,"href":"https:\/\/zollquartier.com\/cs\/wp-json\/wp\/v2\/media\/1480"}],"wp:attachment":[{"href":"https:\/\/zollquartier.com\/cs\/wp-json\/wp\/v2\/media?parent=1237"}],"curies":[{"name":"wp","href":"https:\/\/api.w.org\/{rel}","templated":true}]}}